{"id":5183,"date":"2021-05-25T20:48:42","date_gmt":"2021-05-25T18:48:42","guid":{"rendered":"https:\/\/marbellavacationhomes.com\/?page_id=5183"},"modified":"2021-10-13T11:02:57","modified_gmt":"2021-10-13T09:02:57","slug":"home-staging-marbella","status":"publish","type":"page","link":"https:\/\/marbellavacationhomes.com\/es\/otros-servicios\/home-staging-marbella\/","title":{"rendered":"Home Staging: y la casa adquiere valor."},"content":{"rendered":"\n<div style=\"height:40px\" aria-hidden=\"true\" class=\"wp-block-spacer\"><\/div>\n\n\n\n<p class=\"justificar has-default-font-size has-medium-font-size\"><span style=\"color:#009cab\" class=\"has-inline-color\">La primera impresi\u00f3n al entrar en una casa es la m\u00e1s importante, de hecho <em>\u00abla compra o el alquiler de una vivienda se decide en los primeros 90 segundos<\/em>\u00ab.<strong>\u00a0\u00bfC\u00f3mo podemos presentar de la mejor forma posible una vivienda que queremos vender o alquilar?<\/strong> No siempre es f\u00e1cil, pero <a href=\"https:\/\/marbellavacationhomes.com\/es\/\">Marbella Vacation Homes <\/a>ofrece un <strong>servicio de <a href=\"https:\/\/www.revistaad.es\/decoracion\/articulos\/home-staging-la-tecnica-para-acelerar-la-venta-de-tu-vivienda\/19052\">Home Staging<\/a><\/strong> dedicado precisamente a esto.<\/span><\/p>\n\n\n\n<hr class=\"wp-block-separator has-text-color has-background has-white-background-color has-white-color\"\/>\n\n\n\n<h2 class=\"has-text-align-center wp-block-heading\" style=\"font-size:25px\"><strong><span style=\"color:#08628a\" class=\"has-inline-color\">\u00bfQU\u00c9 ES EL HOME STAGING?<\/span><\/strong><\/h2>\n\n\n\n<hr class=\"wp-block-separator\"\/>\n\n\n\n<p class=\"justificar has-default-font-size\">Cuando invitamos a alguien a casa, la arreglamos un poco, \u00bfverdad? Pero hay quien se olvida de hacerlo cuando llega el momento de venderla o alquilarla. A menudo nos encontramos con viviendas vac\u00edas y fr\u00edas, donde el cliente dif\u00edcilmente consigue visualizarlas c\u00f3mo su futuro hogar. Tambi\u00e9n ocurre que las casas est\u00e9n descuidadas, llenas de objetos que sobrecargan y entorpecen la imaginaci\u00f3n del cliente. Para ello, Marbella Vacation Homes ha desarrollado el servicio de <strong><span style=\"color:#009cab\" class=\"has-inline-color\">Home Staging: un<\/span> <span style=\"color:#009cab\" class=\"has-inline-color\">instrumento de marketing ideado para revalorizar una vivienda de cara a su venta o alquiler en un menor plazo y a un mayor precio.<\/span><\/strong><span style=\"color:#009cab\" class=\"has-inline-color\"> <\/span>El objetivo es atraer el m\u00e1ximo de visitas posibles al inmueble en venta o alquiler a trav\u00e9s de un buen reportaje fotogr\u00e1fico, potenciando al m\u00e1ximo las cualidades de la vivienda para hacerla m\u00e1s atractiva e influir en la percepci\u00f3n del posible comprador.<\/p>\n\n\n\n<div style=\"height:35px\" aria-hidden=\"true\" class=\"wp-block-spacer\"><\/div>\n\n\n\n<h2 class=\"has-text-align-center wp-block-heading\" style=\"font-size:25px\"><strong><span style=\"color:#08628a\" class=\"has-inline-color\">\u00bfC\u00d3MO LO CONSEGUIMOS?<\/span><\/strong><\/h2>\n\n\n\n<div style=\"height:54px\" aria-hidden=\"true\" class=\"wp-block-spacer\"><\/div>\n\n\n\n<div class=\"wp-block-columns\">\n<div class=\"wp-block-column\" style=\"flex-basis:100%\">\n<div class=\"wp-block-group\"><div class=\"wp-block-group__inner-container\">\n<div class=\"wp-block-columns\">\n<div class=\"wp-block-column\">\n<h2 class=\"has-text-align-center has-medium-font-size wp-block-heading\"><span style=\"color:#009cab\" class=\"has-inline-color\">VACIANDO ESPACIOS Y DESHACI\u00c9NDONOS DE LO QUE NO SIRVA<\/span><\/h2>\n\n\n\n<p class=\"justificar has-default-font-size\">Hay que prescindir de todo aquello que recargue los ambientes o est\u00e9n en mal estado, para mostrar el espacio de la mejor forma posible. <br>Menos es m\u00e1s en Home Staging.<\/p>\n<\/div>\n\n\n\n<div class=\"wp-block-column\">\n<h2 class=\"has-text-align-center has-medium-font-size wp-block-heading\"><span style=\"color:#009cab\" class=\"has-inline-color\">ARREGLANDO DESPERFECTOS<\/span> <br><\/h2>\n\n\n\n<p class=\"justificar has-default-font-size\"><br>Esta parte es fundamental tanto si vamos a alquilar como si queremos vender. Tenemos que conseguir que la vivienda ofrezca buenas condiciones de habitabilidad y cause una buena impresi\u00f3n.<\/p>\n<\/div>\n\n\n\n<div class=\"wp-block-column\">\n<h2 class=\"has-text-align-center has-medium-font-size wp-block-heading\"><span style=\"color:#009cab\" class=\"has-inline-color\">PINTANDO, LIMPIANDO<\/span><br><span style=\"color:#009cab\" class=\"has-inline-color\">Y ORDENANDO <\/span><\/h2>\n\n\n\n<p class=\"justificar has-default-font-size\">Lo dejamos todo perfecto para que el posible comprador o inquilino considere la vivienda apetecible y la \u201csienta\u201d como su futuro hogar. Apostamos por los blancos y los colores neutros y c\u00e1lido. Tambi\u00e9n podemos restaurar y pintar alguno de los muebles para actualizar los ambientes sin incurrir en costes excesivos.<\/p>\n<\/div>\n<\/div>\n<\/div><\/div>\n<\/div>\n<\/div>\n\n\n\n<div style=\"height:42px\" aria-hidden=\"true\" class=\"wp-block-spacer\"><\/div>\n\n\n\n<div class=\"wp-block-columns\">\n<div class=\"wp-block-column\">\n<h2 class=\"has-text-align-center has-medium-font-size wp-block-heading\"><span style=\"color:#009cab\" class=\"has-inline-color\">JUGANDO CON LA LUZ Y LA ILUMINACI\u00d3N<\/span><\/h2>\n\n\n\n<p class=\"justificar has-default-font-size\"><br>La luz es vida: hay que organizar los espacios para que haya cuanta m\u00e1s luz posible. Por ello, all\u00ed donde no hay bastante luminosidad, incrementaremos con c\u00e1lidas l\u00e1mparas<\/p>\n<\/div>\n\n\n\n<div class=\"wp-block-column\">\n<h2 class=\"has-text-align-center has-medium-font-size wp-block-heading\"><span style=\"color:#009cab\" class=\"has-inline-color\">DISTRIBUYENDO ESPACIOS Y AMUEBLANDO <\/span><\/h2>\n\n\n\n<p class=\"justificar has-default-font-size\">Antes de proceder a amueblar, tendremos que distribuir los espacios y plantear la decoraci\u00f3n de una forma equilibrada y que tome en cuenta los puntos fuertes y d\u00e9biles de la vivienda. Una vez hecho esto, amueblaremos las estancias reutilizando todo aquello que se pueda y s\u00f3lo si necesario, comprando muebles adicionales.<\/p>\n<\/div>\n\n\n\n<div class=\"wp-block-column\">\n<h2 class=\"has-text-align-center has-medium-font-size wp-block-heading\"><span style=\"color:#009cab\" class=\"has-inline-color\">DECORANDO CON GUSTO<\/span><\/h2>\n\n\n\n<p class=\"justificar has-default-font-size\"><br>Una vez colocados los muebles, jugaremos con los elementos decorativos c\u00f3mo: plantas, ropa de cama, cojines, etc\u2026.detalles importantes que hacen de una casa, un hogar acogedor.<\/p>\n<\/div>\n<\/div>\n\n\n\n<hr class=\"wp-block-separator has-text-color has-background has-white-background-color has-white-color\"\/>\n\n\n\n<h2 class=\"has-text-align-center wp-block-heading\" style=\"font-size:19px\"><strong><span style=\"color:#009cab\" class=\"has-inline-color\"><\/span><\/strong><\/h2>\n\n\n\n<div class=\"wp-block-group\"><div class=\"wp-block-group__inner-container\"><\/div><\/div>\n\n\n\n<div class=\"wp-block-image\"><figure class=\"aligncenter size-large\"><img loading=\"lazy\" decoding=\"async\" width=\"1017\" height=\"757\" src=\"https:\/\/marbellavacationhomes.com\/wp-content\/uploads\/2021\/06\/home-staging-marbella.png\" alt=\"\" class=\"wp-image-5594\" srcset=\"https:\/\/marbellavacationhomes.com\/wp-content\/uploads\/2021\/06\/home-staging-marbella.png 1017w, https:\/\/marbellavacationhomes.com\/wp-content\/uploads\/2021\/06\/home-staging-marbella-300x223.png 300w, https:\/\/marbellavacationhomes.com\/wp-content\/uploads\/2021\/06\/home-staging-marbella-768x572.png 768w\" sizes=\"(max-width: 1017px) 100vw, 1017px\" \/><\/figure><\/div>\n\n\n\n<div style=\"height:33px\" aria-hidden=\"true\" class=\"wp-block-spacer\"><\/div>\n\n\n\n<p class=\"has-text-align-center has-medium-font-size\"><span style=\"color:#08628a\" class=\"has-inline-color\">SI TU VIVIENDA LLEVA TIEMPO EN EL MERCADO Y NO ENCUENTRA COMPRADOR O INQUILINO, LL\u00c1MANOS. TENEMOS VARIAS OPCIONES QUE OFRECERTE. O SI PREFIERES HACERLO T\u00da S\u00d3LO, TAMBI\u00c9N OFRECEMOS UN <a href=\"https:\/\/marbellavacationhomes.com\/es\/contacto-2\/\">SERVICIO DE ASESOR\u00cdA<\/a> CON LAS PAUTAS NECESARIAS PARA QUE, DE FORMA SENCILLA, PUEDAS PREPARAR TU CASA Y ENAMORAR A LOS FUTUROS INQUILINOS.<\/span><\/p>\n","protected":false},"excerpt":{"rendered":"<p>La primera impresi\u00f3n al entrar en una casa es la m\u00e1s importante, de hecho \u00abla compra o el alquiler de una vivienda se decide en los primeros 90 segundos\u00ab.\u00a0\u00bfC\u00f3mo podemos presentar de la mejor forma posible una vivienda que queremos vender o alquilar? No siempre es f\u00e1cil, pero Marbella Vacation Homes ofrece un servicio de <span class=\"moretag\"><a href=\"https:\/\/marbellavacationhomes.com\/es\/otros-servicios\/home-staging-marbella\/\" class=\"btn btn-sm btn-primary\">[Spanish] More info<\/a><\/span><\/p>\n","protected":false},"author":1,"featured_media":0,"parent":5131,"menu_order":4,"comment_status":"closed","ping_status":"closed","template":"","meta":{"_acf_changed":false,"footnotes":""},"acf":[],"aioseo_notices":[],"_links":{"self":[{"href":"https:\/\/marbellavacationhomes.com\/es\/wp-json\/wp\/v2\/pages\/5183"}],"collection":[{"href":"https:\/\/marbellavacationhomes.com\/es\/wp-json\/wp\/v2\/pages"}],"about":[{"href":"https:\/\/marbellavacationhomes.com\/es\/wp-json\/wp\/v2\/types\/page"}],"author":[{"embeddable":true,"href":"https:\/\/marbellavacationhomes.com\/es\/wp-json\/wp\/v2\/users\/1"}],"replies":[{"embeddable":true,"href":"https:\/\/marbellavacationhomes.com\/es\/wp-json\/wp\/v2\/comments?post=5183"}],"version-history":[{"count":75,"href":"https:\/\/marbellavacationhomes.com\/es\/wp-json\/wp\/v2\/pages\/5183\/revisions"}],"predecessor-version":[{"id":7080,"href":"https:\/\/marbellavacationhomes.com\/es\/wp-json\/wp\/v2\/pages\/5183\/revisions\/7080"}],"up":[{"embeddable":true,"href":"https:\/\/marbellavacationhomes.com\/es\/wp-json\/wp\/v2\/pages\/5131"}],"wp:attachment":[{"href":"https:\/\/marbellavacationhomes.com\/es\/wp-json\/wp\/v2\/media?parent=5183"}],"curies":[{"name":"wp","href":"https:\/\/api.w.org\/{rel}","templated":true}]}}