{"id":5182,"date":"2021-05-25T20:48:18","date_gmt":"2021-05-25T18:48:18","guid":{"rendered":"https:\/\/marbellavacationhomes.com\/?page_id=5182"},"modified":"2021-10-18T13:43:41","modified_gmt":"2021-10-18T11:43:41","slug":"mudanzas","status":"publish","type":"page","link":"https:\/\/marbellavacationhomes.com\/es\/otros-servicios\/mudanzas\/","title":{"rendered":"Mudanzas"},"content":{"rendered":"\n<figure class=\"wp-block-image size-full\"><img loading=\"lazy\" decoding=\"async\" width=\"1342\" height=\"643\" src=\"https:\/\/marbellavacationhomes.com\/wp-content\/uploads\/2021\/10\/SERVICIO-DE-MUDANZA.png\" alt=\"\" class=\"wp-image-7323\" srcset=\"https:\/\/marbellavacationhomes.com\/wp-content\/uploads\/2021\/10\/SERVICIO-DE-MUDANZA.png 1342w, https:\/\/marbellavacationhomes.com\/wp-content\/uploads\/2021\/10\/SERVICIO-DE-MUDANZA-300x144.png 300w, https:\/\/marbellavacationhomes.com\/wp-content\/uploads\/2021\/10\/SERVICIO-DE-MUDANZA-1024x491.png 1024w, https:\/\/marbellavacationhomes.com\/wp-content\/uploads\/2021\/10\/SERVICIO-DE-MUDANZA-768x368.png 768w\" sizes=\"(max-width: 1342px) 100vw, 1342px\" \/><\/figure>\n\n\n\n<div style=\"height:60px\" aria-hidden=\"true\" class=\"wp-block-spacer\"><\/div>\n\n\n\n<h2 class=\"has-text-align-center wp-block-heading\" style=\"font-size:22px\"><span style=\"color:#08628a\" class=\"has-inline-color\">SERVICIO DE MUDANZA NACIONAL E INTERNACIONAL<\/span><br><span style=\"color:#08628a\" class=\"has-inline-color\"> EN MARBELLA Y COSTA DEL SOL<\/span><\/h2>\n\n\n\n<div style=\"height:25px\" aria-hidden=\"true\" class=\"wp-block-spacer\"><\/div>\n\n\n\n<p class=\"justificar has-default-font-size has-medium-font-size\"><strong>En <a href=\"https:\/\/marbellavacationhomes.com\/es\/\">Marbella Vacation Homes <\/a>ayudamos a los residentes extranjeros con el delicado proceso de su <a href=\"https:\/\/blog.visitacostadelsol.com\/es\/costa-del-sol-para-vivir-e-invertir\" target=\"_blank\" rel=\"noreferrer noopener\">traslado a Marbella y a la Costa del Sol<\/a>. Nos gusta ser profesionales y pr\u00e1cticos, pero al mismo tiempo, en este delicado momento queremos transmitir calor humano y familiaridad: es importante simplificar el proceso, pero tambi\u00e9n nos importa que el cliente se sienta seguro y motivado ante su nueva vida en Espa\u00f1a.<\/strong><\/p>\n\n\n\n<div style=\"height:41px\" aria-hidden=\"true\" class=\"wp-block-spacer\"><\/div>\n\n\n\n<h2 class=\"has-text-align-center has-medium-font-size wp-block-heading\"><span style=\"color:#08628a\" class=\"has-inline-color\">\u00a1Decisi\u00f3n tomada! \u00bfCu\u00e1les son los pr\u00f3ximos pasos para mudarse a la Costa del Sol?<\/span><\/h2>\n\n\n\n<p class=\"justificar has-default-font-size\">Sea por trabajo, calidad de vida o por una decisi\u00f3n personal, mudarse a otro Pa\u00eds es un momento delicado para cualquier persona. Una vez tomada la decisi\u00f3n, nos emocionamos con la idea de vivir en un lugar tan bonito, internacional y con un clima sin igual, pero, al mismo tiempo, los aspectos pr\u00e1cticos y la complicada organizaci\u00f3n, puede limitar el entusiasmo. Mudarse es una experiencia estresante y lo es a\u00fan m\u00e1s cuando se trata de un traslado internacional\u2026 \u00a1a menos que est\u00e9 bien preparado!<br><br>Elegir <a href=\"https:\/\/marbellavacationhomes.com\/es\/quienes-somos\/donde-trabajamos-area\/\" target=\"_blank\" rel=\"noreferrer noopener\">zona<\/a>, buscar una vivienda, colegios, entender y cumplir con toda la documentaci\u00f3n y burocracia necesaria, organizar la mudanza\u2026 es un trabajo enorme que se complica desmesuradamente cuando no se conoce el idioma, las costumbres, los procedimientos y las normas locales. Adem\u00e1s, al tratarse de una zona tur\u00edstica, Marbella y la Costa del Sol en general, tienen una oferta tan sumamente amplia en cuanto a colegios, viviendas, seguros\u2026 que la capacidad de orientaci\u00f3n, comparaci\u00f3n y decisi\u00f3n se complica a\u00fan m\u00e1s.<\/p>\n\n\n\n<div style=\"height:25px\" aria-hidden=\"true\" class=\"wp-block-spacer\"><\/div>\n\n\n\n<h2 class=\"has-text-align-center has-medium-font-size wp-block-heading\"><span style=\"color:#08628a\" class=\"has-inline-color\">\u00bfEn qu\u00e9 podemos ayudarte?<\/span><\/h2>\n\n\n\n<p class=\"justificar has-default-font-size\">Para a evitar cualquier motivo de estr\u00e9s, <strong>Marbella Vacation Homes se encarga de todo el proceso<\/strong>: explicamos de forma clara y sencilla todos los pasos para conseguir un traslado pr\u00e1ctico y sin complicaciones. Aclaramos dudas y apoyamos a nuestros clientes en la elecci\u00f3n y contrataci\u00f3n de todo tipo de servicios, ofreci\u00e9ndoles el conocimiento del entorno, del idioma, permitiendo as\u00ed un gran ahorro de tiempo, dinero y energ\u00eda. Proporcionamos una asistencia competente en todos los asuntos, por grandes o peque\u00f1os que sean, pero siempre de manera amistosa, profesional y a un precio competitivo.<\/p>\n\n\n\n<p class=\"justificar has-default-font-size\">Le asesoramos sobre la<strong> zona adecuada <\/strong>para vivir, ayudamos a <strong>encontrar la propiedad ideal<\/strong> (sea para <a href=\"https:\/\/marbellavacationhomes.com\/es\/compraventas\/\">comprar <\/a>o <a href=\"https:\/\/marbellavacationhomes.com\/es\/alquileres\/\">alquilar<\/a>) y a localizar los <strong>colegios y guarder\u00edas<\/strong> m\u00e1s adecuados para las necesidades de sus hijos. Ofrecemos asistencia con la <strong>mudanza <\/strong>(nacional e internacional), la <strong>burocracia o el papeleo espa\u00f1ol<\/strong>, <strong>tratamos directamente con las autoridades <\/strong>(donde normalmente se habla s\u00f3lo espa\u00f1ol), <strong>solicitamos <a href=\"http:\/\/www.exteriores.gob.es\/consulados\/roma\/es\/consulado\/tramites\/paginas\/nie.aspx\" target=\"_blank\" rel=\"noreferrer noopener\">NIE <\/a>y tarjetas de residencia, ayudamos con los tramites bancarios, el canje del carn\u00e9 de conducir, la elecci\u00f3n de un buen seguro de salud <\/strong>(o, alternativamente, con el servicio p\u00fablico de salud). Adem\u00e1s, el equipo de Marbella Vacation Homes est\u00e1 siempre disponible para responder a cualquier duda y<strong> personalizar los servicios<\/strong> para adaptarnos as\u00ed a las necesidades del cliente.<\/p>\n\n\n\n<p class=\"has-text-align-center has-medium-font-size\"><span style=\"color:#009cab\" class=\"has-inline-color\">Est\u00e1s a un paso de poder disfrutar plenamente y sin estr\u00e9s, de tu nueva vida en Marbella, \u00a1<a href=\"https:\/\/marbellavacationhomes.com\/es\/contacto\/\">Cont\u00e1ctanos<\/a>!<\/span><\/p>\n","protected":false},"excerpt":{"rendered":"<p>SERVICIO DE MUDANZA NACIONAL E INTERNACIONAL EN MARBELLA Y COSTA DEL SOL En Marbella Vacation Homes ayudamos a los residentes extranjeros con el delicado proceso de su traslado a Marbella y a la Costa del Sol. Nos gusta ser profesionales y pr\u00e1cticos, pero al mismo tiempo, en este delicado momento queremos transmitir calor humano y <span class=\"moretag\"><a href=\"https:\/\/marbellavacationhomes.com\/es\/otros-servicios\/mudanzas\/\" class=\"btn btn-sm btn-primary\">[Spanish] More info<\/a><\/span><\/p>\n","protected":false},"author":1,"featured_media":0,"parent":5131,"menu_order":3,"comment_status":"closed","ping_status":"closed","template":"","meta":{"_acf_changed":false,"footnotes":""},"acf":[],"aioseo_notices":[],"_links":{"self":[{"href":"https:\/\/marbellavacationhomes.com\/es\/wp-json\/wp\/v2\/pages\/5182"}],"collection":[{"href":"https:\/\/marbellavacationhomes.com\/es\/wp-json\/wp\/v2\/pages"}],"about":[{"href":"https:\/\/marbellavacationhomes.com\/es\/wp-json\/wp\/v2\/types\/page"}],"author":[{"embeddable":true,"href":"https:\/\/marbellavacationhomes.com\/es\/wp-json\/wp\/v2\/users\/1"}],"replies":[{"embeddable":true,"href":"https:\/\/marbellavacationhomes.com\/es\/wp-json\/wp\/v2\/comments?post=5182"}],"version-history":[{"count":18,"href":"https:\/\/marbellavacationhomes.com\/es\/wp-json\/wp\/v2\/pages\/5182\/revisions"}],"predecessor-version":[{"id":7352,"href":"https:\/\/marbellavacationhomes.com\/es\/wp-json\/wp\/v2\/pages\/5182\/revisions\/7352"}],"up":[{"embeddable":true,"href":"https:\/\/marbellavacationhomes.com\/es\/wp-json\/wp\/v2\/pages\/5131"}],"wp:attachment":[{"href":"https:\/\/marbellavacationhomes.com\/es\/wp-json\/wp\/v2\/media?parent=5182"}],"curies":[{"name":"wp","href":"https:\/\/api.w.org\/{rel}","templated":true}]}}