{"id":5180,"date":"2021-05-25T20:46:59","date_gmt":"2021-05-25T18:46:59","guid":{"rendered":"https:\/\/marbellavacationhomes.com\/?page_id=5180"},"modified":"2021-10-18T12:28:40","modified_gmt":"2021-10-18T10:28:40","slug":"property-management","status":"publish","type":"page","link":"https:\/\/marbellavacationhomes.com\/es\/otros-servicios\/property-management\/","title":{"rendered":"Property Management"},"content":{"rendered":"\n<figure class=\"wp-block-image size-full\"><img loading=\"lazy\" decoding=\"async\" width=\"1342\" height=\"643\" src=\"https:\/\/marbellavacationhomes.com\/wp-content\/uploads\/2021\/10\/PROPERTY-mANAGEMENT1.png\" alt=\"property management marbella\" class=\"wp-image-7122\" srcset=\"https:\/\/marbellavacationhomes.com\/wp-content\/uploads\/2021\/10\/PROPERTY-mANAGEMENT1.png 1342w, https:\/\/marbellavacationhomes.com\/wp-content\/uploads\/2021\/10\/PROPERTY-mANAGEMENT1-300x144.png 300w, https:\/\/marbellavacationhomes.com\/wp-content\/uploads\/2021\/10\/PROPERTY-mANAGEMENT1-1024x491.png 1024w, https:\/\/marbellavacationhomes.com\/wp-content\/uploads\/2021\/10\/PROPERTY-mANAGEMENT1-768x368.png 768w\" sizes=\"(max-width: 1342px) 100vw, 1342px\" \/><\/figure>\n\n\n\n<div style=\"height:40px\" aria-hidden=\"true\" class=\"wp-block-spacer\"><\/div>\n\n\n\n<p class=\"justificar has-default-font-size has-medium-font-size\"><strong>El servicio de \u201cproperty management\u201d est\u00e1 espec\u00edficamente pensado para aquellas personas que tienen una segunda propiedad en Marbella y que desean un control y mantenimiento peri\u00f3dico de la vivienda.\u00a0 En estos casos, <a href=\"https:\/\/marbellavacationhomes.com\/es\/\">Marbella Vacation Homes <\/a>proporciona los siguientes servicios: <\/strong><\/p>\n\n\n\n<div style=\"height:54px\" aria-hidden=\"true\" class=\"wp-block-spacer\"><\/div>\n\n\n\n<div class=\"wp-block-columns\">\n<div class=\"wp-block-column\">\n<h2 class=\"has-text-align-center has-medium-font-size wp-block-heading\"><span style=\"color:#08628a\" class=\"has-inline-color\"><strong>Comprobaciones Peri\u00f3dicas y Mantenimiento Rutinario<\/strong><\/span><\/h2>\n\n\n\n<p class=\"justificar has-default-font-size\">Cuando una propriedad no tiene inquiliinos, nos encargamos de inspeccionarla regularmente. Cada dos semanas<strong> comprobamos que todo est\u00e9 en orden<\/strong>: que no existan fugas de agua, gas, cortes de electricidad o que la calefacci\u00f3n, el aire acondicionado, internet y otras instalaciones funcionen correctamente. Tambi\u00e9n revisamos la vivienda para <strong>garantizar su seguridad y evitar robos o intrusiones <\/strong>indeseadas.<\/p>\n<\/div>\n\n\n\n<div class=\"wp-block-column\" style=\"flex-basis:5%\"><\/div>\n\n\n\n<div class=\"wp-block-column\">\n<h2 class=\"has-text-align-center has-medium-font-size wp-block-heading\"><span style=\"color:#08628a\" class=\"has-inline-color\"><strong>Gesti\u00f3n de Pagos del Alquiler<\/strong><\/span><\/h2>\n\n\n\n<p class=\"justificar has-default-font-size\"><strong>\u00a1Duerme tranquil@! <\/strong>Nos encargamos de<strong> cobrar el alquiler <\/strong>a los inquilinos y de ingresar el dinero en la cuenta del propietario. Al mismo tiempo, en caso de un improbable impago por parte del inquilino, Marbella Vacation Homes ofrece un<strong> seguro de protecci\u00f3n de pagos<\/strong> que garantiza la recepci\u00f3n de las rentas y apoya al propietario a la hora de reclamar y defender sus derechos. Se ofrece adem\u00e1s un seguro de defensa jur\u00eddica en caso de una ocupaci\u00f3n indebida de la vivienda.<\/p>\n<\/div>\n<\/div>\n\n\n\n<div style=\"height:30px\" aria-hidden=\"true\" class=\"wp-block-spacer\"><\/div>\n\n\n\n<div class=\"wp-block-columns\">\n<div class=\"wp-block-column\">\n<h2 class=\"has-text-align-center has-medium-font-size wp-block-heading\"><span style=\"color:#08628a\" class=\"has-inline-color\"><strong>Limpieza<\/strong><\/span><\/h2>\n\n\n\n<p class=\"justificar has-default-font-size\">Una vivienda no alquilada o temporalmente cerrada necesita una limpieza peri\u00f3dica para preservar su buen estado y atractivo. Paqui y Dori, de nuestro <strong>servicio de limpieza<\/strong>, se encargan de mantenerlo todo limpio, ordenado y fresco, hasta la pr\u00f3xima visita o alquiler.<\/p>\n<\/div>\n\n\n\n<div class=\"wp-block-column\" style=\"flex-basis:5%\"><\/div>\n\n\n\n<div class=\"wp-block-column\">\n<h2 class=\"has-text-align-center has-medium-font-size wp-block-heading\"><span style=\"color:#08628a\" class=\"has-inline-color\"><strong>Gesti\u00f3n de los Suministros y Seguros<\/strong><\/span><\/h2>\n\n\n\n<p class=\"justificar has-default-font-size\">Este servicio est\u00e1 especialmente pensado para aquellas personas que utilizan su vivienda de forma espor\u00e1dica. La<strong> gesti\u00f3n o reanudaci\u00f3n de los suministros<\/strong> (agua, gas, electricidad, etc.) y seguros puede ser una tarea \u201colvidadiza\u201d y convertirse en un molesto inconveniente. Marbella Vacation Homes gestiona todos los tr\u00e1mites burocr\u00e1ticos para asegurar que la propiedad est\u00e9 siempre lista, cada vez que se necesite.<\/p>\n<\/div>\n<\/div>\n\n\n\n<div style=\"height:30px\" aria-hidden=\"true\" class=\"wp-block-spacer\"><\/div>\n\n\n\n<div class=\"wp-block-columns\">\n<div class=\"wp-block-column\">\n<h2 class=\"has-text-align-center has-medium-font-size wp-block-heading\"><span style=\"color:#08628a\" class=\"has-inline-color\"><strong>Dep\u00f3sito de Llaves<\/strong><\/span><\/h2>\n\n\n\n<p class=\"justificar has-default-font-size\">Si el cliente lo desea, Marbella Vacation Homes guarda una <strong>copia de seguridad de las llaves<\/strong> de la vivienda. As\u00ed podemos recibir a los invitados e inquilinos sin necesidad de intervenci\u00f3n por parte del propietario y, adem\u00e1s, evitamos el desagradable inconveniente de su p\u00e9rdida o robo.<\/p>\n<\/div>\n\n\n\n<div class=\"wp-block-column\" style=\"flex-basis:5%\"><\/div>\n\n\n\n<div class=\"wp-block-column\">\n<h2 class=\"has-text-align-center has-medium-font-size wp-block-heading\"><span style=\"color:#08628a\" class=\"has-inline-color\"><strong>Cuidado de Beb\u00e9s<\/strong><\/span><\/h2>\n\n\n\n<p class=\"justificar has-default-font-size\">No nos cansamos de repetirlo:<strong> \u00a1nos encanta apoyar a las familias con ni\u00f1os!<\/strong> De hecho, no podr\u00edamos ofrecer un servicio de excelencia sin pensar en cada uno de los inquilinos, peque\u00f1os incluidos. Somos expertos en reconocer sus necesidades y por eso contamos con una selecci\u00f3n de materiales como: cunas, tronas, barreras, carritos, alzadores y utensilios varios\u2026 Adem\u00e1s, para ocasiones puntuales y sin restricciones de horarios, contamos con un <a href=\"https:\/\/marbellavacationhomes.com\/es\/otros-servicios\/guest-services\/\">servicio de canguro o de limpieza extra<\/a>\u2026\u00a1a prueba de ni\u00f1os!<\/p>\n<\/div>\n<\/div>\n\n\n\n<div style=\"height:25px\" aria-hidden=\"true\" class=\"wp-block-spacer\"><\/div>\n\n\n\n<div class=\"wp-block-columns\">\n<div class=\"wp-block-column\">\n<h2 class=\"has-text-align-center has-medium-font-size wp-block-heading\"><span style=\"color:#08628a\" class=\"has-inline-color\"><strong>Reformas, Jardiner\u00eda y Piscinas<\/strong><\/span><\/h2>\n\n\n\n<p class=\"justificar has-default-font-size\">En Marbella y sus alrededores, la manutenci\u00f3n de jardines y piscinas es tan importante como el resto de la casa. Con un clima tan paradisiaco, los exteriores de una vivienda incrementan mucho su valor, tanto a la hora de alquilar como de vender. Marbella Vacation Homes, a trav\u00e9s de su socio colaborador <strong><a href=\"https:\/\/www.lineaverde.es\/\" target=\"_blank\" rel=\"noreferrer noopener\">L\u00ednea Verde<\/a><\/strong> (especializado en casas y villas de alto standing) se ocupa del mantenimiento, remodelaci\u00f3n y planificaci\u00f3n de jardines y piscinas, para que est\u00e9n siempre en \u00f3ptimas condiciones.<\/p>\n\n\n\n<p><\/p>\n<\/div>\n\n\n\n<div class=\"wp-block-column\" style=\"flex-basis:5%\"><\/div>\n\n\n\n<div class=\"wp-block-column\">\n<h2 class=\"has-text-align-center has-medium-font-size wp-block-heading\"><span style=\"color:#08628a\" class=\"has-inline-color\"><strong>Servicio de Check-In y Bienvenida<\/strong><\/span><\/h2>\n\n\n\n<p class=\"justificar has-default-font-size\">En todos los alquileres (vacacionales, de larga, corta o mediana temporada) gestionados por Marbella Vacaction Homes, organizamos un servicio de check-in y bienvenida para los invitados o nuevos inquilinos. Un asesor de nuestra agencia les esperar\u00e1 en la vivienda alquilada, para asegurase de que todo est\u00e9 en orden y conforme a sus expectativas. Adem\u00e1s, si es necesario, podemos preparar un pack de bienvenida con snacks, comida o peticiones especiales. Pregunte por nuestras opciones.<\/p>\n<\/div>\n<\/div>\n","protected":false},"excerpt":{"rendered":"<p>El servicio de \u201cproperty management\u201d est\u00e1 espec\u00edficamente pensado para aquellas personas que tienen una segunda propiedad en Marbella y que desean un control y mantenimiento peri\u00f3dico de la vivienda.\u00a0 En estos casos, Marbella Vacation Homes proporciona los siguientes servicios: Comprobaciones Peri\u00f3dicas y Mantenimiento Rutinario Cuando una propriedad no tiene inquiliinos, nos encargamos de inspeccionarla regularmente. <span class=\"moretag\"><a href=\"https:\/\/marbellavacationhomes.com\/es\/otros-servicios\/property-management\/\" class=\"btn btn-sm btn-primary\">[Spanish] More info<\/a><\/span><\/p>\n","protected":false},"author":1,"featured_media":0,"parent":5131,"menu_order":1,"comment_status":"closed","ping_status":"closed","template":"","meta":{"_acf_changed":false,"footnotes":""},"acf":[],"aioseo_notices":[],"_links":{"self":[{"href":"https:\/\/marbellavacationhomes.com\/es\/wp-json\/wp\/v2\/pages\/5180"}],"collection":[{"href":"https:\/\/marbellavacationhomes.com\/es\/wp-json\/wp\/v2\/pages"}],"about":[{"href":"https:\/\/marbellavacationhomes.com\/es\/wp-json\/wp\/v2\/types\/page"}],"author":[{"embeddable":true,"href":"https:\/\/marbellavacationhomes.com\/es\/wp-json\/wp\/v2\/users\/1"}],"replies":[{"embeddable":true,"href":"https:\/\/marbellavacationhomes.com\/es\/wp-json\/wp\/v2\/comments?post=5180"}],"version-history":[{"count":18,"href":"https:\/\/marbellavacationhomes.com\/es\/wp-json\/wp\/v2\/pages\/5180\/revisions"}],"predecessor-version":[{"id":7304,"href":"https:\/\/marbellavacationhomes.com\/es\/wp-json\/wp\/v2\/pages\/5180\/revisions\/7304"}],"up":[{"embeddable":true,"href":"https:\/\/marbellavacationhomes.com\/es\/wp-json\/wp\/v2\/pages\/5131"}],"wp:attachment":[{"href":"https:\/\/marbellavacationhomes.com\/es\/wp-json\/wp\/v2\/media?parent=5180"}],"curies":[{"name":"wp","href":"https:\/\/api.w.org\/{rel}","templated":true}]}}