{"id":5176,"date":"2021-05-25T20:40:27","date_gmt":"2021-05-25T18:40:27","guid":{"rendered":"https:\/\/marbellavacationhomes.com\/?page_id=5176"},"modified":"2021-10-18T11:57:10","modified_gmt":"2021-10-18T09:57:10","slug":"por-que-vender-una-vivienda-con-nosotros","status":"publish","type":"page","link":"https:\/\/marbellavacationhomes.com\/es\/compraventas\/por-que-vender-una-vivienda-con-nosotros\/","title":{"rendered":"\u00bfPor qu\u00e9 vender una vivienda con nosotros?"},"content":{"rendered":"\n<div class=\"wp-block-cover has-white-background-color\"><img loading=\"lazy\" decoding=\"async\" width=\"1342\" height=\"643\" class=\"wp-block-cover__image-background wp-image-7050\" alt=\"\" src=\"https:\/\/marbellavacationhomes.com\/wp-content\/uploads\/2021\/10\/real-estate-luxury-marbella.jpg\" data-object-fit=\"cover\" srcset=\"https:\/\/marbellavacationhomes.com\/wp-content\/uploads\/2021\/10\/real-estate-luxury-marbella.jpg 1342w, https:\/\/marbellavacationhomes.com\/wp-content\/uploads\/2021\/10\/real-estate-luxury-marbella-300x144.jpg 300w, https:\/\/marbellavacationhomes.com\/wp-content\/uploads\/2021\/10\/real-estate-luxury-marbella-1024x491.jpg 1024w, https:\/\/marbellavacationhomes.com\/wp-content\/uploads\/2021\/10\/real-estate-luxury-marbella-768x368.jpg 768w\" sizes=\"(max-width: 1342px) 100vw, 1342px\" \/><div class=\"wp-block-cover__inner-container\">\n<p class=\"has-text-align-center\" style=\"font-size:38px\"><strong>\u00bf PR QU\u00c9 VENDER UNA VIVIENDA CON NOSOTROS?<\/strong><\/p>\n<\/div><\/div>\n\n\n\n<div style=\"height:50px\" aria-hidden=\"true\" class=\"wp-block-spacer\"><\/div>\n\n\n\n<p class=\"justificar has-default-font-size\"><span style=\"color:#009cab\" class=\"has-inline-color\">Al estar especializados en Alquileres de lujo, <a href=\"https:\/\/marbellavacationhomes.com\/es\/\">Marbella Vacation Homes<\/a> trabaja las compraventas de una<strong> forma m\u00e1s selecta y particular<\/strong>. Las propriedades de nuestra cartera son viviendas que normalmente gestionamos en <strong>exclusiva<\/strong> y de las que somos \u201c<strong>Key Holders<\/strong>\u201d. Esto significa que previamente hemos trabajado con los propietarios &#8211; <a href=\"https:\/\/marbellavacationhomes.com\/es\/alquileres\/\">alquilando <\/a>o <a href=\"https:\/\/marbellavacationhomes.com\/es\/otros-servicios\/property-management\/\">manteniendo <\/a>su vivienda &#8211; y que ahora, gracias a la confianza y familiaridad, deciden encargarnos la venta.<\/span><\/p>\n\n\n\n<div style=\"height:25px\" aria-hidden=\"true\" class=\"wp-block-spacer\"><\/div>\n\n\n\n<h2 class=\"has-text-align-center wp-block-heading\" style=\"font-size:25px\"><span style=\"color:#08628a\" class=\"has-inline-color\">EVALUACI\u00d3N DETALLADA DE LA PROPIEDAD<\/span><\/h2>\n\n\n\n<p class=\"justificar has-default-font-size\">Marbella Vacation Homes realiza regularmente evaluaciones, <a href=\"https:\/\/marbellavacationhomes.com\/es\/quienes-somos\/donde-trabajamos-area\/\">zona por zona<\/a>, para tener siempre una cotizaci\u00f3n real del mercado. En particular, utiliza el m\u00e9todo comparativo, teniendo en cuenta los principales aspectos del inmueble y la zona en el que se encuentra.<\/p>\n\n\n\n<div style=\"height:25px\" aria-hidden=\"true\" class=\"wp-block-spacer\"><\/div>\n\n\n\n<h2 class=\"has-text-align-center wp-block-heading\" style=\"font-size:25px\"><span style=\"color:#08628a\" class=\"has-inline-color\">\u00a1SOMOS HOME STAGERS!<\/span><\/h2>\n\n\n\n<p class=\"justificar has-default-font-size\"><strong>No s\u00f3lo vendemos, sino que preparamos las viviendas antes de ponerlas en el mercado<\/strong>. \u00bfC\u00f3mo lo hacemos? Con un <a href=\"https:\/\/marbellavacationhomes.com\/es\/otros-servicios\/home-staging-marbella\/\">toque de magia<\/a>: encontramos la manera de convertir cualquier estancia en un lugar neutro y acogedor. Gracias a t\u00e9cnicas decorativas espec\u00edficas y elementos est\u00e9ticos equilibrados, despersonalizamos y mejoramos el aspecto de las viviendas, con el fin de que gusten a cualquier persona y as\u00ed conseguir resultados comerciales inmejorables.<\/p>\n\n\n\n<div style=\"height:25px\" aria-hidden=\"true\" class=\"wp-block-spacer\"><\/div>\n\n\n\n<h2 class=\"has-text-align-center wp-block-heading\" style=\"font-size:25px\"><span style=\"color:#08628a\" class=\"has-inline-color\">ANUNCIOS QUE ENAMORAN<\/span><\/h2>\n\n\n\n<p class=\"justificar has-default-font-size\">La calidad de un inmueble es tan importante como su presentaci\u00f3n: de aqu\u00ed la importancia del<strong><a href=\"https:\/\/marbellavacationhomes.com\/es\/otros-servicios\/home-staging-marbella\/\"> home staging<\/a><\/strong>. Todo cuenta: la luz, los olores, las sensaciones, la limpieza, la decoraci\u00f3n&#8230; Hay que cuidar cada detalle para conseguir un aspecto impecable. Unas buenas fotograf\u00edas o un buen video de una vivienda bien preparada nos aseguran el \u00e9xito de las visitas. Enamoramos al cliente desde el anuncio.<\/p>\n\n\n\n<div style=\"height:25px\" aria-hidden=\"true\" class=\"wp-block-spacer\"><\/div>\n\n\n\n<h2 class=\"has-text-align-center wp-block-heading\" style=\"font-size:25px\"><span style=\"color:#08628a\" class=\"has-inline-color\">PUBLICACI\u00d3N EN LA PRINCIPALES PLATAFORMAS INMOBILIARIAS<\/span><\/h2>\n\n\n\n<p class=\"justificar has-default-font-size\">La eficacia de una comunicaci\u00f3n bien dise\u00f1ada puede marcar la diferencia. Marbella Vacation Homes dedica un equipo de profesionales al <strong>Marketing Online<\/strong>, que trabaja en estrecho contacto con los m\u00e1s importantes portales inmobiliarios y sitios de compraventa vinculados a los medios de comunicaci\u00f3n de la zona.<\/p>\n\n\n\n<div style=\"height:25px\" aria-hidden=\"true\" class=\"wp-block-spacer\"><\/div>\n\n\n\n<h2 class=\"has-text-align-center wp-block-heading\" style=\"font-size:25px\"><span style=\"color:#08628a\" class=\"has-inline-color\">EQUIPO DE PROFESIONALES<\/span><\/h2>\n\n\n\n<p class=\"justificar has-default-font-size\">Marbella Vacation Homes se encarga de la gesti\u00f3n completa del delicado proceso de venta, incluyendo los cada vez m\u00e1s complejos aspectos burocr\u00e1ticos y normativos. No s\u00f3lo proporcionamos un posible comprador, sino que tambi\u00e9n ponemos a disposici\u00f3n de nuestros clientes a los <a href=\"https:\/\/marbellavacationhomes.com\/es\/quienes-somos\/colaboradores\/\">profesionales <\/a>necesarios para que la transacci\u00f3n sea un \u00e9xito. Trabajamos con abogados, notarios, contables, arquitectos, top\u00f3grafos, empresas de construcci\u00f3n, jardiner\u00eda, etc\u2026, profesionales capaces de ofrecer respuestas concretas y fiables a cualquier pregunta que pueda surgir durante la venta o la gesti\u00f3n de tu inmueble. Una contribuci\u00f3n fundamental para <strong>evitar sorpresas desagradables<\/strong>.<\/p>\n\n\n\n<div style=\"height:25px\" aria-hidden=\"true\" class=\"wp-block-spacer\"><\/div>\n\n\n\n<h2 class=\"has-text-align-center wp-block-heading\" style=\"font-size:25px\"><span style=\"color:#08628a\" class=\"has-inline-color\">REELABORACI\u00d3N DE PLANOS<\/span><\/h2>\n\n\n\n<p class=\"justificar has-default-font-size\">La claridad de un plano de la vivienda tiene una importancia fundamental para una presentaci\u00f3n completa. De ser necesario, Marbella Vacation Homes simplifica y limpia los planos antiguos, manchados o marcados por el paso del tiempo. De este modo, la visi\u00f3n de la casa se vuelve <strong>sencilla e intuitiva<\/strong>. Adem\u00e1s, es posible incluir el mobiliario en los dise\u00f1os para apreciar la potencialidad del espacio.<\/p>\n\n\n\n<div style=\"height:25px\" aria-hidden=\"true\" class=\"wp-block-spacer\"><\/div>\n\n\n\n<h2 class=\"has-text-align-center wp-block-heading\" style=\"font-size:25px\"><span style=\"color:#08628a\" class=\"has-inline-color\">CONTRATO PRIVADO DE COMPRAVENTA<\/span><\/h2>\n\n\n\n<p class=\"justificar has-default-font-size\">Uno de los servicios exclusivos que ofrecemos a nuestros clientes (tanto si compran como si venden), se refiere al <strong>contrato privado de compraventa.<\/strong> Por lo general, las agencias inmobiliarias se limitan a redactarlo de su pu\u00f1o y letra, sin embargo, <strong>Marbella Vacation Home ofrece la posibilidad de hacerlo con el apoyo de un abogado y ante notario, para as\u00ed ofrecer al comprador una mayor tranquilidad y al vendedor la certeza de un compromiso regulado por un funcionario p\u00fablico<\/strong>. A continuaci\u00f3n, el comprador puede elegir si confiar en el mismo notario para concluir la venta o acudir a otro distinto. Sea la que sea la posici\u00f3n de nuestros clientes, los asesores de Marbella Vacation Homes est\u00e1n siempre a tu lado: en la redacci\u00f3n de los contratos, en el registro de la escritura p\u00fablica y posteriormente, en la gesti\u00f3n de la propiedad.<\/p>\n\n\n\n<div style=\"height:25px\" aria-hidden=\"true\" class=\"wp-block-spacer\"><\/div>\n\n\n\n<h2 class=\"has-text-align-center wp-block-heading\" style=\"font-size:25px\"><span style=\"color:#08628a\" class=\"has-inline-color\">UNA RELACI\u00d3N DURADERA<\/span><\/h2>\n\n\n\n<p class=\"justificar has-default-font-size\">Tras la compra de la vivienda, Marbella Vacation Homes puede seguir asistiendo al nuevo propietario con los distintos <strong>tr\u00e1mites burocr\u00e1ticos<\/strong> c\u00f3mo: la contrataci\u00f3n de los suministros de la vivienda (agua, luz, gas, internet, etc.) o la actualizaci\u00f3n de datos para los <strong><a href=\"https:\/\/ayuntamiento.marbella.es\/inicio\/gestion-tributaria\/tributos.html\" target=\"_blank\" rel=\"noreferrer noopener\">impuestos municipales<\/a><\/strong>. Adem\u00e1s, disponemos de una serie de profesionales que pueden comprobar en qu\u00e9 estado se encuentran las instalaciones, intervenir para realizar reparaciones, reformas o adaptaciones requeridas por la ley.<\/p>\n\n\n\n<p><\/p>\n","protected":false},"excerpt":{"rendered":"<p>Al estar especializados en Alquileres de lujo, Marbella Vacation Homes trabaja las compraventas de una forma m\u00e1s selecta y particular. Las propriedades de nuestra cartera son viviendas que normalmente gestionamos en exclusiva y de las que somos \u201cKey Holders\u201d. Esto significa que previamente hemos trabajado con los propietarios &#8211; alquilando o manteniendo su vivienda &#8211; <span class=\"moretag\"><a href=\"https:\/\/marbellavacationhomes.com\/es\/compraventas\/por-que-vender-una-vivienda-con-nosotros\/\" class=\"btn btn-sm btn-primary\">[Spanish] More info<\/a><\/span><\/p>\n","protected":false},"author":1,"featured_media":0,"parent":5129,"menu_order":2,"comment_status":"closed","ping_status":"closed","template":"","meta":{"_acf_changed":false,"footnotes":""},"acf":[],"aioseo_notices":[],"_links":{"self":[{"href":"https:\/\/marbellavacationhomes.com\/es\/wp-json\/wp\/v2\/pages\/5176"}],"collection":[{"href":"https:\/\/marbellavacationhomes.com\/es\/wp-json\/wp\/v2\/pages"}],"about":[{"href":"https:\/\/marbellavacationhomes.com\/es\/wp-json\/wp\/v2\/types\/page"}],"author":[{"embeddable":true,"href":"https:\/\/marbellavacationhomes.com\/es\/wp-json\/wp\/v2\/users\/1"}],"replies":[{"embeddable":true,"href":"https:\/\/marbellavacationhomes.com\/es\/wp-json\/wp\/v2\/comments?post=5176"}],"version-history":[{"count":9,"href":"https:\/\/marbellavacationhomes.com\/es\/wp-json\/wp\/v2\/pages\/5176\/revisions"}],"predecessor-version":[{"id":7283,"href":"https:\/\/marbellavacationhomes.com\/es\/wp-json\/wp\/v2\/pages\/5176\/revisions\/7283"}],"up":[{"embeddable":true,"href":"https:\/\/marbellavacationhomes.com\/es\/wp-json\/wp\/v2\/pages\/5129"}],"wp:attachment":[{"href":"https:\/\/marbellavacationhomes.com\/es\/wp-json\/wp\/v2\/media?parent=5176"}],"curies":[{"name":"wp","href":"https:\/\/api.w.org\/{rel}","templated":true}]}}