{"id":5172,"date":"2021-05-25T20:40:07","date_gmt":"2021-05-25T18:40:07","guid":{"rendered":"https:\/\/marbellavacationhomes.com\/?page_id=5172"},"modified":"2021-10-18T11:35:30","modified_gmt":"2021-10-18T09:35:30","slug":"por-que-comprar-una-vivienda-con-nosotros","status":"publish","type":"page","link":"https:\/\/marbellavacationhomes.com\/es\/compraventas\/por-que-comprar-una-vivienda-con-nosotros\/","title":{"rendered":"\u00bfPor qu\u00e9 comprar una vivienda con nosotros?"},"content":{"rendered":"\n<div class=\"wp-block-cover has-background-dim-10 has-cyan-bluish-gray-background-color has-background-dim\"><img loading=\"lazy\" decoding=\"async\" width=\"1342\" height=\"644\" class=\"wp-block-cover__image-background wp-image-7014\" alt=\"\" src=\"https:\/\/marbellavacationhomes.com\/wp-content\/uploads\/2021\/10\/buy-villas-in-Marbella.jpg\" data-object-fit=\"cover\" srcset=\"https:\/\/marbellavacationhomes.com\/wp-content\/uploads\/2021\/10\/buy-villas-in-Marbella.jpg 1342w, https:\/\/marbellavacationhomes.com\/wp-content\/uploads\/2021\/10\/buy-villas-in-Marbella-300x144.jpg 300w, https:\/\/marbellavacationhomes.com\/wp-content\/uploads\/2021\/10\/buy-villas-in-Marbella-1024x491.jpg 1024w, https:\/\/marbellavacationhomes.com\/wp-content\/uploads\/2021\/10\/buy-villas-in-Marbella-768x369.jpg 768w\" sizes=\"(max-width: 1342px) 100vw, 1342px\" \/><div class=\"wp-block-cover__inner-container\">\n<p class=\"has-text-align-center\" style=\"font-size:38px\"><strong>\u00bfPOR QU\u00c9 COMPRAR UNA VIVIENDA CON NOSOTROS?<\/strong><\/p>\n<\/div><\/div>\n\n\n\n<div style=\"height:50px\" aria-hidden=\"true\" class=\"wp-block-spacer\"><\/div>\n\n\n\n<h2 class=\"has-text-align-center wp-block-heading\" style=\"font-size:25px\"><span style=\"color:#08628a\" class=\"has-inline-color\">COMPRENDEMOS EL PERFIL DEL COMPRADOR<\/span><\/h2>\n\n\n\n<p class=\"justificar has-default-font-size\">El primer paso es entender qu\u00e9 tipo de casa quiere el cliente. <a href=\"https:\/\/marbellavacationhomes.com\/es\/\">Marbella Vacation Homes<\/a> ha elaborado un completo formulario que ayuda a definir los objetivos del <a href=\"https:\/\/marbellavacationhomes.com\/es\/compraventas\/\">comprador<\/a>, con el fin de crear un perfil \u00fanico para cada usuario. De este modo seleccionamos las propiedades que m\u00e1s se le adaptan, afinamos las propuestas y evitamos hacerle perder el tiempo con ofertas que no se ajustan a sus requisitos b\u00e1sicos.<\/p>\n\n\n\n<div style=\"height:25px\" aria-hidden=\"true\" class=\"wp-block-spacer\"><\/div>\n\n\n\n<h2 class=\"has-text-align-center wp-block-heading\" style=\"font-size:25px\"><span style=\"color:#08628a\" class=\"has-inline-color\">INVESTIGACI\u00d3N ESPEC\u00cdFICA DE LA PROPIEDAD<\/span><\/h2>\n\n\n\n<p>Una vez aclaradas las necesidades del cliente, analizamos nuestro archivo para encontrar las mejores coincidencias posibles. Todos aquellos inmuebles que no cumplen los requisitos se excluyen, para optimizar el ciclo de visitas y ahorrar tiempo a todos. Tambi\u00e9n ofrecemos un servicio que permite ver las propuestas sin moverse de casa, a trav\u00e9s de soportes de v\u00eddeo-fotograf\u00eda en alta definici\u00f3n que ayuda a\u00fan m\u00e1s a nuestros clientes a individuar y centrase s\u00f3lo y exclusivamente en los inmuebles que m\u00e1s les interesan.<\/p>\n\n\n\n<div style=\"height:25px\" aria-hidden=\"true\" class=\"wp-block-spacer\"><\/div>\n\n\n\n<h2 class=\"has-text-align-center wp-block-heading\" style=\"font-size:25px\"><span style=\"color:#08628a\" class=\"has-inline-color\">PLANIFICACI\u00d3N DE LAS VISITAS<\/span><\/h2>\n\n\n\n<p class=\"justificar has-default-font-size\">Una vez seleccionadas las propuestas m\u00e1s interesantes, es el momento de ir personalmente para verificarlas. Marbella Vacation Homes propone un calendario que concentre las visitas en un periodo de tiempo limitado. Esta es la mejor forma de hacerlo, porque permite hacer una comparaci\u00f3n r\u00e1pida y comprender cu\u00e1l es la correcta.<\/p>\n\n\n\n<div style=\"height:25px\" aria-hidden=\"true\" class=\"wp-block-spacer\"><\/div>\n\n\n\n<h2 class=\"has-text-align-center wp-block-heading\" style=\"font-size:25px\"><span style=\"color:#08628a\" class=\"has-inline-color\">AN\u00c1LISIS DEL EDIFICIO<\/span><\/h2>\n\n\n\n<p class=\"justificar has-default-font-size\">Cada edificio tiene su propia historia y hay que conocerla antes de hacer la compra. Una vez que el cliente se interesa por una propiedad, realizamos un estudio t\u00e9cnico del inmueble y de su situaci\u00f3n urban\u00edstica para que el comprador tenga una visi\u00f3n clara y completa de la situaci\u00f3n general.<\/p>\n\n\n\n<div style=\"height:25px\" aria-hidden=\"true\" class=\"wp-block-spacer\"><\/div>\n\n\n\n<h2 class=\"has-text-align-center wp-block-heading\" style=\"font-size:25px\"><span style=\"color:#08628a\" class=\"has-inline-color\">GESTI\u00d3N DE LAS FASES DE COMPRA<\/span><\/h2>\n\n\n\n<p class=\"justificar has-default-font-size\">El momento de la compraventa es el m\u00e1s delicado, en el que el asesor de Marbella Vacation Homes da lo mejor de s\u00ed mismo.\u00a0 Se encarga de negociar las condiciones de compra entre las partes y, tras ello, controla todo el proceso: la redacci\u00f3n del documento de reserva y del contrato privado de compraventa, la comprobaci\u00f3n de la documentaci\u00f3n del inmueble, los requisitos para el estudio de un posible pr\u00e9stamo hipotecario y, por \u00faltimo, asiste en la firma de la escritura p\u00fablica de compraventa ante notario, as\u00ed como en el proceso de inscripci\u00f3n en el Registro de la Propiedad.<br><br><strong>Importante: de acuerdo con la <a href=\"https:\/\/www.iberley.es\/temas\/regulacion-contrato-compraventa-60035\">ley<\/a>, es el comprador quien elige al notario ante el que se otorgar\u00e1 la escritura p\u00fablica de compraventa. Marbella Vacation Homes simplemente sugiere a sus asesores de confianza. En cualquier caso, nos aseguramos de informar al cliente de la documentaci\u00f3n que debe aportar para que la notar\u00eda redacte una escritura definitiva y completa.<\/strong><\/p>\n","protected":false},"excerpt":{"rendered":"<p>COMPRENDEMOS EL PERFIL DEL COMPRADOR El primer paso es entender qu\u00e9 tipo de casa quiere el cliente. Marbella Vacation Homes ha elaborado un completo formulario que ayuda a definir los objetivos del comprador, con el fin de crear un perfil \u00fanico para cada usuario. De este modo seleccionamos las propiedades que m\u00e1s se le adaptan, <span class=\"moretag\"><a href=\"https:\/\/marbellavacationhomes.com\/es\/compraventas\/por-que-comprar-una-vivienda-con-nosotros\/\" class=\"btn btn-sm btn-primary\">[Spanish] More info<\/a><\/span><\/p>\n","protected":false},"author":1,"featured_media":0,"parent":5129,"menu_order":1,"comment_status":"closed","ping_status":"closed","template":"","meta":{"_acf_changed":false,"footnotes":""},"acf":[],"aioseo_notices":[],"_links":{"self":[{"href":"https:\/\/marbellavacationhomes.com\/es\/wp-json\/wp\/v2\/pages\/5172"}],"collection":[{"href":"https:\/\/marbellavacationhomes.com\/es\/wp-json\/wp\/v2\/pages"}],"about":[{"href":"https:\/\/marbellavacationhomes.com\/es\/wp-json\/wp\/v2\/types\/page"}],"author":[{"embeddable":true,"href":"https:\/\/marbellavacationhomes.com\/es\/wp-json\/wp\/v2\/users\/1"}],"replies":[{"embeddable":true,"href":"https:\/\/marbellavacationhomes.com\/es\/wp-json\/wp\/v2\/comments?post=5172"}],"version-history":[{"count":10,"href":"https:\/\/marbellavacationhomes.com\/es\/wp-json\/wp\/v2\/pages\/5172\/revisions"}],"predecessor-version":[{"id":7273,"href":"https:\/\/marbellavacationhomes.com\/es\/wp-json\/wp\/v2\/pages\/5172\/revisions\/7273"}],"up":[{"embeddable":true,"href":"https:\/\/marbellavacationhomes.com\/es\/wp-json\/wp\/v2\/pages\/5129"}],"wp:attachment":[{"href":"https:\/\/marbellavacationhomes.com\/es\/wp-json\/wp\/v2\/media?parent=5172"}],"curies":[{"name":"wp","href":"https:\/\/api.w.org\/{rel}","templated":true}]}}