{"id":5156,"date":"2021-05-25T20:28:20","date_gmt":"2021-05-25T18:28:20","guid":{"rendered":"https:\/\/marbellavacationhomes.com\/?page_id=5156"},"modified":"2021-10-18T11:08:57","modified_gmt":"2021-10-18T09:08:57","slug":"como-alquilamos-tu-propiedad","status":"publish","type":"page","link":"https:\/\/marbellavacationhomes.com\/es\/alquileres\/como-alquilamos-tu-propiedad\/","title":{"rendered":"\u00bfC\u00f3mo alquilamos tu propiedad?"},"content":{"rendered":"\n<div class=\"wp-block-cover has-background-dim-10 has-background-dim\"><img loading=\"lazy\" decoding=\"async\" width=\"1342\" height=\"643\" class=\"wp-block-cover__image-background wp-image-7253\" alt=\"\" src=\"https:\/\/marbellavacationhomes.com\/wp-content\/uploads\/2021\/10\/renting-real-estate-marbella.jpg\" data-object-fit=\"cover\" srcset=\"https:\/\/marbellavacationhomes.com\/wp-content\/uploads\/2021\/10\/renting-real-estate-marbella.jpg 1342w, https:\/\/marbellavacationhomes.com\/wp-content\/uploads\/2021\/10\/renting-real-estate-marbella-300x144.jpg 300w, https:\/\/marbellavacationhomes.com\/wp-content\/uploads\/2021\/10\/renting-real-estate-marbella-1024x491.jpg 1024w, https:\/\/marbellavacationhomes.com\/wp-content\/uploads\/2021\/10\/renting-real-estate-marbella-768x368.jpg 768w\" sizes=\"(max-width: 1342px) 100vw, 1342px\" \/><div class=\"wp-block-cover__inner-container\">\n<p class=\"has-text-align-center\" style=\"font-size:38px\"><strong>\u00bfC\u00d3MO ALQUILAMOS TU PROPRIEDAD?<\/strong><\/p>\n<\/div><\/div>\n\n\n\n<div style=\"height:40px\" aria-hidden=\"true\" class=\"wp-block-spacer\"><\/div>\n\n\n\n<p class=\"justificar has-default-font-size\"><span style=\"color:#009cab\" class=\"has-inline-color\"><strong>En <a href=\"https:\/\/marbellavacationhomes.com\/es\/\">Marbella Vacation Homes<\/a> no somos simples agentes, sino que nos consideramos \u201cpublicistas inmobiliarios\u201d. Antes de alquilar tu propiedad, gracias a nuestra formaci\u00f3n en <a href=\"https:\/\/marbellavacationhomes.com\/es\/?page_id=5183\">home staging<\/a>, trabajamos cada detalle para que la vivienda gane calidad y se alquile m\u00e1s facilmente y a un mejor precio.<\/strong><\/span><\/p>\n\n\n\n<div style=\"height:38px\" aria-hidden=\"true\" class=\"wp-block-spacer\"><\/div>\n\n\n\n<h3 class=\"has-text-align-center wp-block-heading\" style=\"font-size:24px\"><span style=\"color:#1298ab\" class=\"has-inline-color\">PROMOCI\u00d3N INMOBILIARIA ESPECIFICA<\/span><\/h3>\n\n\n\n<div class=\"wp-block-media-text alignwide is-stacked-on-mobile\" style=\"grid-template-columns:15% auto\"><figure class=\"wp-block-media-text__media\"><img loading=\"lazy\" decoding=\"async\" width=\"695\" height=\"709\" src=\"https:\/\/marbellavacationhomes.com\/wp-content\/uploads\/2021\/10\/Progetto-senza-titolo-1.png\" alt=\"marketing real estate\" class=\"wp-image-6799 size-full\" srcset=\"https:\/\/marbellavacationhomes.com\/wp-content\/uploads\/2021\/10\/Progetto-senza-titolo-1.png 695w, https:\/\/marbellavacationhomes.com\/wp-content\/uploads\/2021\/10\/Progetto-senza-titolo-1-294x300.png 294w\" sizes=\"(max-width: 695px) 100vw, 695px\" \/><\/figure><div class=\"wp-block-media-text__content\">\n<p class=\"justificar has-default-font-size\">No importa lo acogedor que sea un apartamento, sino<strong> lo visible y apto que resulte para su inquilino ideal<\/strong>. Por ello, Marbella Vacation Homes dedica un equipo de profesionales al Marketing Online y trabaja tambi\u00e9n con los portales inmobiliarios m\u00e1s importantes. Pero no nos quedamos solamente en la comunicaci\u00f3n virtual: trabajamos much\u00edsimo sobre el territorio, a trav\u00e9s de acciones dirigidas a zonas concretas que, aunque pertenezcan a la misma \u00e1rea, presentan caracter\u00edsticas muy distintas y espec\u00edficas. Por esta raz\u00f3n, promocionamos tu propiedad asegur\u00e1ndonos de que sea la m\u00e1s indicada para la persona que busca exactamente lo que la zona y el inmueble puede ofrecer. De esta forma, garantizamos un <em>match<\/em> perfecto y duradero, entre tu casa y sus inquilinos.<\/p>\n<\/div><\/div>\n\n\n\n<div style=\"height:14px\" aria-hidden=\"true\" class=\"wp-block-spacer\"><\/div>\n\n\n\n<h2 class=\"has-text-align-center wp-block-heading\" style=\"font-size:24px\"><span style=\"color:#1298ab\" class=\"has-inline-color\">\u00a1SOMOS HOME STAGERS!<\/span><\/h2>\n\n\n\n<div class=\"wp-block-media-text alignwide has-media-on-the-right is-stacked-on-mobile\" style=\"grid-template-columns:auto 15%\"><figure class=\"wp-block-media-text__media\"><img loading=\"lazy\" decoding=\"async\" width=\"649\" height=\"619\" src=\"https:\/\/marbellavacationhomes.com\/wp-content\/uploads\/2021\/10\/home-staging.png\" alt=\"home staging costa del sol\" class=\"wp-image-6802 size-full\" srcset=\"https:\/\/marbellavacationhomes.com\/wp-content\/uploads\/2021\/10\/home-staging.png 649w, https:\/\/marbellavacationhomes.com\/wp-content\/uploads\/2021\/10\/home-staging-300x286.png 300w\" sizes=\"(max-width: 649px) 100vw, 649px\" \/><\/figure><div class=\"wp-block-media-text__content\">\n<p class=\"justificar has-default-font-size\"><strong>No s\u00f3lo alquilamos, sino que preparamos las viviendas antes de ponerlas en el mercado. <\/strong>\u00bfC\u00f3mo lo hacemos? Con un toque de magia: encontramos la manera de convertir cualquier estancia en un lugar neutro y acogedor. Gracias a t\u00e9cnicas decorativas espec\u00edficas y elementos est\u00e9ticos equilibrados, despersonalizamos y mejoramos el aspecto de las viviendas, con el fin de que gusten a cualquier persona y as\u00ed conseguir resultados comerciales inmejorables.<\/p>\n<\/div><\/div>\n\n\n\n<div style=\"height:14px\" aria-hidden=\"true\" class=\"wp-block-spacer\"><\/div>\n\n\n\n<h2 class=\"has-text-align-center wp-block-heading\" style=\"font-size:24px\"><span style=\"color:#1298ab\" class=\"has-inline-color\">ANUNCIOS QUE ENAMORAN<\/span><\/h2>\n\n\n\n<div class=\"wp-block-media-text alignwide is-stacked-on-mobile\" style=\"grid-template-columns:15% auto\"><figure class=\"wp-block-media-text__media\"><img loading=\"lazy\" decoding=\"async\" width=\"565\" height=\"501\" src=\"https:\/\/marbellavacationhomes.com\/wp-content\/uploads\/2021\/10\/real-estate-ads.png\" alt=\"real estate ads\" class=\"wp-image-6805 size-full\" srcset=\"https:\/\/marbellavacationhomes.com\/wp-content\/uploads\/2021\/10\/real-estate-ads.png 565w, https:\/\/marbellavacationhomes.com\/wp-content\/uploads\/2021\/10\/real-estate-ads-300x266.png 300w\" sizes=\"(max-width: 565px) 100vw, 565px\" \/><\/figure><div class=\"wp-block-media-text__content\">\n<p class=\"justificar has-default-font-size\"><strong>La calidad de un inmueble es tan importante como su presentaci\u00f3n<\/strong>: de aqu\u00ed la importancia del <a href=\"https:\/\/marbellavacationhomes.com\/es\/otros-servicios\/home-staging-marbella\/\">home staging<\/a>. Todo cuenta: la luz, los olores, las sensaciones, la limpieza, la decoraci\u00f3n\u2026 Hay que cuidar cada detalle para conseguir un aspecto impecable. Unas buenas fotograf\u00edas o un buen video de una vivienda bien preparada nos aseguran el \u00e9xito de las visitas. Enamoramos al cliente desde el anuncio.<\/p>\n<\/div><\/div>\n\n\n\n<div style=\"height:14px\" aria-hidden=\"true\" class=\"wp-block-spacer\"><\/div>\n\n\n\n<h2 class=\"has-text-align-center wp-block-heading\" style=\"font-size:24px\"><span style=\"color:#1298ab\" class=\"has-inline-color\">EL INQUILINO MODELO<\/span><\/h2>\n\n\n\n<div class=\"wp-block-media-text alignwide has-media-on-the-right is-stacked-on-mobile\" style=\"grid-template-columns:auto 15%\"><figure class=\"wp-block-media-text__media\"><img loading=\"lazy\" decoding=\"async\" width=\"400\" height=\"343\" src=\"https:\/\/marbellavacationhomes.com\/wp-content\/uploads\/2021\/10\/perfect-tenant2-2.png\" alt=\"tenant Marbella\" class=\"wp-image-6813 size-full\" srcset=\"https:\/\/marbellavacationhomes.com\/wp-content\/uploads\/2021\/10\/perfect-tenant2-2.png 400w, https:\/\/marbellavacationhomes.com\/wp-content\/uploads\/2021\/10\/perfect-tenant2-2-300x257.png 300w\" sizes=\"(max-width: 400px) 100vw, 400px\" \/><\/figure><div class=\"wp-block-media-text__content\">\n<p class=\"justificar has-default-font-size\">Confiar su apartamento a un tercero es un asunto delicado. No se trata s\u00f3lo de tener la garant\u00eda del pago puntual del alquiler, sino tambi\u00e9n de que respete y cuide la propiedad. Marbella Vacation Homes hace una selecci\u00f3n precisa en base a las necesidades del propietario, para encontrar la correspondencia ideal entre las partes, ofreciendo el valor a\u00f1adido de la serenidad.<\/p>\n<\/div><\/div>\n\n\n\n<div style=\"height:14px\" aria-hidden=\"true\" class=\"wp-block-spacer\"><\/div>\n\n\n\n<h2 class=\"has-text-align-center wp-block-heading\" style=\"font-size:24px\"><span style=\"color:#1298ab\" class=\"has-inline-color\">SEGUROS\u2026HASTA EN LA PROTECCI\u00d3N DE PAGO<\/span><\/h2>\n\n\n\n<div class=\"wp-block-media-text alignwide is-stacked-on-mobile\" style=\"grid-template-columns:15% auto\"><figure class=\"wp-block-media-text__media\"><img loading=\"lazy\" decoding=\"async\" width=\"940\" height=\"788\" src=\"https:\/\/marbellavacationhomes.com\/wp-content\/uploads\/2021\/10\/payment-protection.png\" alt=\"real estate marketing\" class=\"wp-image-6782 size-full\" srcset=\"https:\/\/marbellavacationhomes.com\/wp-content\/uploads\/2021\/10\/payment-protection.png 940w, https:\/\/marbellavacationhomes.com\/wp-content\/uploads\/2021\/10\/payment-protection-300x251.png 300w, https:\/\/marbellavacationhomes.com\/wp-content\/uploads\/2021\/10\/payment-protection-768x644.png 768w\" sizes=\"(max-width: 940px) 100vw, 940px\" \/><\/figure><div class=\"wp-block-media-text__content\">\n<p class=\"justificar has-default-font-size\">Para una garant\u00eda total y poder dormir tranquilo, Marbella Vacation Homes ofrece (<a href=\"https:\/\/marbellavacationhomes.com\/es\/alquileres\/\">en caso de alquiler de larga o media temporada<\/a>) un servicio adicional que pocas agencias suelen tener: un<strong><a href=\"https:\/\/www.lavanguardia.com\/seguros\/20210226\/6260085\/seguro-proteccion-pagos-hipoteca-recibos-morosidad.html\" target=\"_blank\" rel=\"noreferrer noopener\"> seguro de protecci\u00f3n de pagos<\/a><\/strong>. Gracias a nuestro equipo legal y a dicho seguro, <strong>alquilamos tu vivienda y garantizamos el abono de las mensualidades<\/strong>. En el improbable caso de que surja un problema con el inquilino, seguir\u00e1s recibiendo el alquiler y podr\u00e1s confiar en que estaremos a tu lado para reclamar y defender tus derechos como propietario.<\/p>\n<\/div><\/div>\n\n\n\n<div style=\"height:14px\" aria-hidden=\"true\" class=\"wp-block-spacer\"><\/div>\n\n\n\n<h2 class=\"has-text-align-center wp-block-heading\" style=\"font-size:24px\"><span style=\"color:#1298ab\" class=\"has-inline-color\">REDACCI\u00d3N DEL CONTRATO DE ARRENDAMIENTO<\/span><\/h2>\n\n\n\n<div class=\"wp-block-media-text alignwide has-media-on-the-right is-stacked-on-mobile\" style=\"grid-template-columns:auto 15%\"><figure class=\"wp-block-media-text__media\"><img loading=\"lazy\" decoding=\"async\" width=\"940\" height=\"788\" src=\"https:\/\/marbellavacationhomes.com\/wp-content\/uploads\/2021\/10\/contract.png\" alt=\"LEASE CONTRACT\" class=\"wp-image-6786 size-full\" srcset=\"https:\/\/marbellavacationhomes.com\/wp-content\/uploads\/2021\/10\/contract.png 940w, https:\/\/marbellavacationhomes.com\/wp-content\/uploads\/2021\/10\/contract-300x251.png 300w, https:\/\/marbellavacationhomes.com\/wp-content\/uploads\/2021\/10\/contract-768x644.png 768w\" sizes=\"(max-width: 940px) 100vw, 940px\" \/><\/figure><div class=\"wp-block-media-text__content\">\n<p class=\"justificar has-default-font-size\">Los asuntos burocr\u00e1ticos son uno de los puntos fuertes de Marbella Vacation Homes. Nuestros asesores y abogados est\u00e1n siempre a tu lado, desde la redacci\u00f3n del contrato de arrendamiento del inmueble hasta la posibilidad de gestionar los servicios de tu propiedad (como la gesti\u00f3n de los contratos de suministros).<\/p>\n<\/div><\/div>\n\n\n\n<p class=\"justificar has-default-font-size\"><\/p>\n\n\n\n<p><a href=\"https:\/\/marbellavacationhomes.com\/es\/otros-servicios\/property-management\/\" target=\"_blank\" rel=\"noreferrer noopener\"><span style=\"color:#1298ab\" class=\"has-inline-color\">Descubre tambi\u00e9n todos los servicios que ofrecemos en cuanto al mantenimiento de viviendas.<\/span><\/a><\/p>\n","protected":false},"excerpt":{"rendered":"<p>En Marbella Vacation Homes no somos simples agentes, sino que nos consideramos \u201cpublicistas inmobiliarios\u201d. Antes de alquilar tu propiedad, gracias a nuestra formaci\u00f3n en home staging, trabajamos cada detalle para que la vivienda gane calidad y se alquile m\u00e1s facilmente y a un mejor precio. PROMOCI\u00d3N INMOBILIARIA ESPECIFICA No importa lo acogedor que sea un <span class=\"moretag\"><a href=\"https:\/\/marbellavacationhomes.com\/es\/alquileres\/como-alquilamos-tu-propiedad\/\" class=\"btn btn-sm btn-primary\">[Spanish] More info<\/a><\/span><\/p>\n","protected":false},"author":1,"featured_media":0,"parent":5116,"menu_order":1,"comment_status":"closed","ping_status":"closed","template":"","meta":{"_acf_changed":false,"footnotes":""},"acf":[],"aioseo_notices":[],"_links":{"self":[{"href":"https:\/\/marbellavacationhomes.com\/es\/wp-json\/wp\/v2\/pages\/5156"}],"collection":[{"href":"https:\/\/marbellavacationhomes.com\/es\/wp-json\/wp\/v2\/pages"}],"about":[{"href":"https:\/\/marbellavacationhomes.com\/es\/wp-json\/wp\/v2\/types\/page"}],"author":[{"embeddable":true,"href":"https:\/\/marbellavacationhomes.com\/es\/wp-json\/wp\/v2\/users\/1"}],"replies":[{"embeddable":true,"href":"https:\/\/marbellavacationhomes.com\/es\/wp-json\/wp\/v2\/comments?post=5156"}],"version-history":[{"count":27,"href":"https:\/\/marbellavacationhomes.com\/es\/wp-json\/wp\/v2\/pages\/5156\/revisions"}],"predecessor-version":[{"id":7259,"href":"https:\/\/marbellavacationhomes.com\/es\/wp-json\/wp\/v2\/pages\/5156\/revisions\/7259"}],"up":[{"embeddable":true,"href":"https:\/\/marbellavacationhomes.com\/es\/wp-json\/wp\/v2\/pages\/5116"}],"wp:attachment":[{"href":"https:\/\/marbellavacationhomes.com\/es\/wp-json\/wp\/v2\/media?parent=5156"}],"curies":[{"name":"wp","href":"https:\/\/api.w.org\/{rel}","templated":true}]}}