{"id":5148,"date":"2021-05-25T20:21:05","date_gmt":"2021-05-25T18:21:05","guid":{"rendered":"https:\/\/marbellavacationhomes.com\/?page_id=5148"},"modified":"2021-10-13T11:38:55","modified_gmt":"2021-10-13T09:38:55","slug":"colaboradores","status":"publish","type":"page","link":"https:\/\/marbellavacationhomes.com\/es\/quienes-somos\/colaboradores\/","title":{"rendered":"Colaboradores"},"content":{"rendered":"\n<p class=\"justificar has-default-font-size\">Marbella Vacation Homes cuenta con un brillante equipo capaz de evaluar el perfil de nuestros clientes, las caracter\u00edsticas de las propiedades requeridas y las transacciones que gestionan. Con el apoyo de muchas de las m\u00e1s notables agencias asociadas que comparten nuestra filosof\u00eda,  \u00e9tica empresarial, el servicio y la eficiencia profesional, nuestro equipo proporciona apoyo profesional en cada etapa de las transacciones.<\/p>\n\n\n\n<div class=\"wp-block-columns\">\n<div class=\"wp-block-column\">\n<figure class=\"wp-block-image size-large is-resized\"><a href=\"https:\/\/www.instagram.com\/naturahomestaging\/\" target=\"_blank\" rel=\"noopener\"><img loading=\"lazy\" decoding=\"async\" src=\"https:\/\/marbellavacationhomes.com\/wp-content\/uploads\/2021\/10\/natura-homestaging.jpg\" alt=\"natura home staging\" class=\"wp-image-6643\" width=\"150\" height=\"150\"\/><\/a><\/figure>\n<\/div>\n\n\n\n<div class=\"wp-block-column\">\n<figure class=\"wp-block-image size-large\"><a href=\"https:\/\/www.lineaverde.es\/\" target=\"_blank\" rel=\"noopener\"><img loading=\"lazy\" decoding=\"async\" width=\"150\" height=\"150\" src=\"https:\/\/marbellavacationhomes.com\/wp-content\/uploads\/2021\/10\/linea-verde.jpg\" alt=\"linea verde gardening\" class=\"wp-image-6641\"\/><\/a><\/figure>\n<\/div>\n\n\n\n<div class=\"wp-block-column\">\n<figure class=\"wp-block-image size-large\"><img loading=\"lazy\" decoding=\"async\" width=\"150\" height=\"150\" src=\"https:\/\/marbellavacationhomes.com\/wp-content\/uploads\/2021\/10\/domus-service.jpg\" alt=\"Domus Service Marbella\" class=\"wp-image-6670\"\/><\/figure>\n<\/div>\n<\/div>\n\n\n\n<div style=\"height:40px\" aria-hidden=\"true\" class=\"wp-block-spacer\"><\/div>\n\n\n\n<div class=\"wp-block-columns\">\n<div class=\"wp-block-column\">\n<figure class=\"wp-block-image size-large\"><a href=\"https:\/\/ocabogadosyasesores.es\" target=\"_blank\" rel=\"noopener\"><img loading=\"lazy\" decoding=\"async\" width=\"150\" height=\"150\" src=\"https:\/\/marbellavacationhomes.com\/wp-content\/uploads\/2021\/10\/oc-consulting.jpg\" alt=\"Oc consulting abogados\" class=\"wp-image-6645\"\/><\/a><\/figure>\n<\/div>\n\n\n\n<div class=\"wp-block-column\">\n<figure class=\"wp-block-image size-large\"><a href=\"https:\/\/www.welex.es\/es\/\" target=\"_blank\" rel=\"noopener\"><img loading=\"lazy\" decoding=\"async\" width=\"150\" height=\"150\" src=\"https:\/\/marbellavacationhomes.com\/wp-content\/uploads\/2021\/10\/welex-abogados.jpg\" alt=\"Welex abogados\" class=\"wp-image-6680\"\/><\/a><\/figure>\n<\/div>\n\n\n\n<div class=\"wp-block-column\">\n<figure class=\"wp-block-image size-large\"><a href=\"https:\/\/www.vr-fotografia.com\/\" target=\"_blank\" rel=\"noopener\"><img loading=\"lazy\" decoding=\"async\" width=\"150\" height=\"150\" src=\"https:\/\/marbellavacationhomes.com\/wp-content\/uploads\/2021\/10\/victor-rubio-photography.jpg\" alt=\"victor rubio photography\" class=\"wp-image-7081\"\/><\/a><\/figure>\n<\/div>\n<\/div>\n\n\n\n<div style=\"height:41px\" aria-hidden=\"true\" class=\"wp-block-spacer\"><\/div>\n\n\n\n<div class=\"wp-block-columns\">\n<div class=\"wp-block-column\">\n<figure class=\"wp-block-image size-large\"><a href=\"https:\/\/www.facebook.com\/Colegio-Infantil-Biling%C3%BCe-Linda-Vista-110851016943978\/\" target=\"_blank\" rel=\"noopener\"><img loading=\"lazy\" decoding=\"async\" width=\"150\" height=\"150\" src=\"https:\/\/marbellavacationhomes.com\/wp-content\/uploads\/2021\/10\/Linda-vista-Cei.jpg\" alt=\"Guarderia linda vista\" class=\"wp-image-6633\"\/><\/a><\/figure>\n<\/div>\n\n\n\n<div class=\"wp-block-column\">\n<figure class=\"wp-block-image size-large\"><a href=\"https:\/\/www.colegioatalaya.es\/en\/atalaya-international-school\/\"><img loading=\"lazy\" decoding=\"async\" width=\"150\" height=\"150\" src=\"https:\/\/marbellavacationhomes.com\/wp-content\/uploads\/2021\/10\/Atalaya-bilingual-school.jpg\" alt=\"Atalaya bilingual school\" class=\"wp-image-6672\"\/><\/a><\/figure>\n<\/div>\n\n\n\n<div class=\"wp-block-column\">\n<figure class=\"wp-block-image size-large\"><a href=\"https:\/\/www.persianasdecoper.es\/\"><img loading=\"lazy\" decoding=\"async\" width=\"150\" height=\"150\" src=\"https:\/\/marbellavacationhomes.com\/wp-content\/uploads\/2021\/10\/toldos-y-persianas-decoper.jpg\" alt=\"\" class=\"wp-image-7084\"\/><\/a><\/figure>\n<\/div>\n<\/div>\n\n\n\n<div style=\"height:41px\" aria-hidden=\"true\" class=\"wp-block-spacer\"><\/div>\n\n\n\n<div class=\"wp-block-columns\">\n<div class=\"wp-block-column\">\n<figure class=\"wp-block-image size-large\"><a href=\"https:\/\/www.fricalsur2002.es\/\" target=\"_blank\" rel=\"noopener\"><img loading=\"lazy\" decoding=\"async\" width=\"150\" height=\"150\" src=\"https:\/\/marbellavacationhomes.com\/wp-content\/uploads\/2021\/10\/fricalsur-2002.jpg\" alt=\"\" class=\"wp-image-7086\"\/><\/a><\/figure>\n<\/div>\n\n\n\n<div class=\"wp-block-column\"><\/div>\n\n\n\n<div class=\"wp-block-column\"><\/div>\n<\/div>\n\n\n\n<div style=\"height:41px\" aria-hidden=\"true\" class=\"wp-block-spacer\"><\/div>\n\n\n\n<p class=\"has-text-align-center has-medium-font-size\"><span style=\"color:#08628a\" class=\"has-inline-color\">Nuestros traductores profesionales: Alla Zirchyk y Elisabeth Yamuza \u00c1lvarez<\/span><\/p>\n\n\n\n<div style=\"height:52px\" aria-hidden=\"true\" class=\"wp-block-spacer\"><\/div>\n\n\n\n<ul><li><a href=\"https:\/\/marbellavacationhomes.com\/es\/quienes-somos\/por-que-elegir-nuestra-agencia\/\" target=\"_blank\" rel=\"noreferrer noopener\">\u00bfPor qu\u00e9 elegir nuestra agencia?<\/a><\/li><li><a href=\"https:\/\/marbellavacationhomes.com\/es\/otros-servicios\/\" target=\"_blank\" rel=\"noreferrer noopener\">Nuestros servicios.<\/a><\/li><\/ul>\n","protected":false},"excerpt":{"rendered":"<p>Marbella Vacation Homes cuenta con un brillante equipo capaz de evaluar el perfil de nuestros clientes, las caracter\u00edsticas de las propiedades requeridas y las transacciones que gestionan. Con el apoyo de muchas de las m\u00e1s notables agencias asociadas que comparten nuestra filosof\u00eda, \u00e9tica empresarial, el servicio y la eficiencia profesional, nuestro equipo proporciona apoyo profesional <span class=\"moretag\"><a href=\"https:\/\/marbellavacationhomes.com\/es\/quienes-somos\/colaboradores\/\" class=\"btn btn-sm btn-primary\">[Spanish] More info<\/a><\/span><\/p>\n","protected":false},"author":1,"featured_media":0,"parent":5114,"menu_order":4,"comment_status":"closed","ping_status":"closed","template":"","meta":{"_acf_changed":false,"footnotes":""},"acf":[],"aioseo_notices":[],"_links":{"self":[{"href":"https:\/\/marbellavacationhomes.com\/es\/wp-json\/wp\/v2\/pages\/5148"}],"collection":[{"href":"https:\/\/marbellavacationhomes.com\/es\/wp-json\/wp\/v2\/pages"}],"about":[{"href":"https:\/\/marbellavacationhomes.com\/es\/wp-json\/wp\/v2\/types\/page"}],"author":[{"embeddable":true,"href":"https:\/\/marbellavacationhomes.com\/es\/wp-json\/wp\/v2\/users\/1"}],"replies":[{"embeddable":true,"href":"https:\/\/marbellavacationhomes.com\/es\/wp-json\/wp\/v2\/comments?post=5148"}],"version-history":[{"count":10,"href":"https:\/\/marbellavacationhomes.com\/es\/wp-json\/wp\/v2\/pages\/5148\/revisions"}],"predecessor-version":[{"id":7102,"href":"https:\/\/marbellavacationhomes.com\/es\/wp-json\/wp\/v2\/pages\/5148\/revisions\/7102"}],"up":[{"embeddable":true,"href":"https:\/\/marbellavacationhomes.com\/es\/wp-json\/wp\/v2\/pages\/5114"}],"wp:attachment":[{"href":"https:\/\/marbellavacationhomes.com\/es\/wp-json\/wp\/v2\/media?parent=5148"}],"curies":[{"name":"wp","href":"https:\/\/api.w.org\/{rel}","templated":true}]}}