{"id":5146,"date":"2021-05-25T20:20:42","date_gmt":"2021-05-25T18:20:42","guid":{"rendered":"https:\/\/marbellavacationhomes.com\/?page_id=5146"},"modified":"2021-10-13T14:00:04","modified_gmt":"2021-10-13T12:00:04","slug":"testimonios","status":"publish","type":"page","link":"https:\/\/marbellavacationhomes.com\/es\/quienes-somos\/testimonios\/","title":{"rendered":"Testimonios"},"content":{"rendered":"\n<div style=\"height:40px\" aria-hidden=\"true\" class=\"wp-block-spacer\"><\/div>\n\n\n\n<figure class=\"wp-block-pullquote is-style-default\"><blockquote><p><span style=\"color:#08628a\" class=\"has-inline-color\"><sup><sub>Llevo trabajando con Roc\u00edo desde que llegue a la Costa del Sol y tengo que decir que es un placer trabajar con ella. Primero por su gran profesionalidad, pero sobre todo porque tiene un don para calificar a los clientes. No se rinde nunca y se deja la piel para encontrar la casa adecuada para cada cliente; da igual que sea para un alquiler vacacional de una semana o una vivienda para toda la vida. Roc\u00edo siempre le pone el mismo entusiasmo. Eso es una gran cualidad cuando se trata con personas porque las personas son la base y parte m\u00e1s importante de nuestro negocio.<\/sub><\/sup><\/span><\/p><cite><a href=\"https:\/\/www.facebook.com\/marbellavacationhomes\/reviews\/?ref=page_internal\" target=\"_blank\" rel=\"noreferrer noopener\">Ver\u00f3nica O\u2019Shea &#8211; Strand Properties<\/a><\/cite><\/blockquote><\/figure>\n\n\n\n<figure class=\"wp-block-pullquote is-style-default\"><blockquote><p><span style=\"color:#08628a\" class=\"has-inline-color\"><sup><sub>Roc\u00edo Areales (Marbella Vacation Homes) es una gran profesional con profundo conocimiento del sector inmobiliario en Marbella. Su cercan\u00eda, transparencia y valores adem\u00e1s de su excelente dedicaci\u00f3n y buena disposici\u00f3n hacen de ella la mejor opci\u00f3n para cualquier oportunidad o b\u00fasqueda inmobiliaria en una de las ciudades con m\u00e1s encanto de Espa\u00f1a. Sin duda, una de las mejores agencias inmobiliarias independientes de Marbella.<\/sub><\/sup><\/span><\/p><cite><a href=\"https:\/\/www.facebook.com\/marbellavacationhomes\/reviews\/?ref=page_internal\" target=\"_blank\" rel=\"noreferrer noopener\">Alberto P\u00e9rez.<\/a><\/cite><\/blockquote><\/figure>\n\n\n\n<figure class=\"wp-block-pullquote is-style-default\"><blockquote><p><sup><span style=\"color:#08628a\" class=\"has-inline-color\"><sub>Profesionalidad y amabilidad son los principales adjetivos para calificar a Marbella Vacation Homes. Desde el momento se vuelcan en tus intereses y en conocer tus gustos para ofrecerte lo que m\u00e1s se adapta a t\u00ed. Roc\u00edo Areales fue la persona que se encarg\u00f3 de m\u00ed y s\u00f3lo puedo tener buenas palabras hacia ella, trato exquisito, cercano incluso amigable sin dejar la profesionalidad a un lado. Si tuviera que calificar a Roc\u00edo sin duda ser\u00eda un 10.<\/sub><\/span><\/sup><\/p><cite><a href=\"https:\/\/www.facebook.com\/marbellavacationhomes\/reviews\/?ref=page_internal\" target=\"_blank\" rel=\"noreferrer noopener\">Jose Mar\u00eda Gonzalez Blanco<\/a><\/cite><\/blockquote><\/figure>\n\n\n\n<figure class=\"wp-block-pullquote is-style-default\"><blockquote><p><sub><sup><span style=\"color:#08628a\" class=\"has-inline-color\">\u00a1 Excelente trabajo el que haces y excelentes clientes ! <\/span><\/sup><br><sup><span style=\"color:#08628a\" class=\"has-inline-color\">gracias Roc\u00edo , qu\u00e9 bien que dimos contigo.<\/span><\/sup><\/sub><\/p><cite><a href=\"https:\/\/www.facebook.com\/marbellavacationhomes\/reviews\/?ref=page_internal\" target=\"_blank\" rel=\"noreferrer noopener\">Marisa G\u00e1lvez<\/a><\/cite><\/blockquote><\/figure>\n\n\n\n<figure class=\"wp-block-pullquote is-style-default\"><blockquote><p><sub><sup><span style=\"color:#08628a\" class=\"has-inline-color\">\u00bfBuscas inquilinos para tu villa? nuestra experiencia ha sido de 10! Tenemos una Villa, que gracias a Marbella Vacation Homes hemos encontrado los inquilinos perfectos. A parte de su trabajo y profesionalidad, se nota que pone todo su coraz\u00f3n en cada cliente y hace que todo sea m\u00e1s f\u00e1cil.<\/span><\/sup> <sup><span style=\"color:#08628a\" class=\"has-inline-color\">D\u00e9jalo en sus manos.<\/span><\/sup><\/sub><\/p><cite><a href=\"https:\/\/www.facebook.com\/marbellavacationhomes\/reviews\/?ref=page_internal\" target=\"_blank\" rel=\"noreferrer noopener\">Nereida De Oses<\/a><\/cite><\/blockquote><\/figure>\n","protected":false},"excerpt":{"rendered":"<p>Llevo trabajando con Roc\u00edo desde que llegue a la Costa del Sol y tengo que decir que es un placer trabajar con ella. Primero por su gran profesionalidad, pero sobre todo porque tiene un don para calificar a los clientes. No se rinde nunca y se deja la piel para encontrar la casa adecuada para <span class=\"moretag\"><a href=\"https:\/\/marbellavacationhomes.com\/es\/quienes-somos\/testimonios\/\" class=\"btn btn-sm btn-primary\">[Spanish] More info<\/a><\/span><\/p>\n","protected":false},"author":1,"featured_media":0,"parent":5114,"menu_order":3,"comment_status":"closed","ping_status":"closed","template":"","meta":{"_acf_changed":false,"footnotes":""},"acf":[],"aioseo_notices":[],"_links":{"self":[{"href":"https:\/\/marbellavacationhomes.com\/es\/wp-json\/wp\/v2\/pages\/5146"}],"collection":[{"href":"https:\/\/marbellavacationhomes.com\/es\/wp-json\/wp\/v2\/pages"}],"about":[{"href":"https:\/\/marbellavacationhomes.com\/es\/wp-json\/wp\/v2\/types\/page"}],"author":[{"embeddable":true,"href":"https:\/\/marbellavacationhomes.com\/es\/wp-json\/wp\/v2\/users\/1"}],"replies":[{"embeddable":true,"href":"https:\/\/marbellavacationhomes.com\/es\/wp-json\/wp\/v2\/comments?post=5146"}],"version-history":[{"count":6,"href":"https:\/\/marbellavacationhomes.com\/es\/wp-json\/wp\/v2\/pages\/5146\/revisions"}],"predecessor-version":[{"id":7142,"href":"https:\/\/marbellavacationhomes.com\/es\/wp-json\/wp\/v2\/pages\/5146\/revisions\/7142"}],"up":[{"embeddable":true,"href":"https:\/\/marbellavacationhomes.com\/es\/wp-json\/wp\/v2\/pages\/5114"}],"wp:attachment":[{"href":"https:\/\/marbellavacationhomes.com\/es\/wp-json\/wp\/v2\/media?parent=5146"}],"curies":[{"name":"wp","href":"https:\/\/api.w.org\/{rel}","templated":true}]}}