{"id":5144,"date":"2021-05-25T20:20:20","date_gmt":"2021-05-25T18:20:20","guid":{"rendered":"https:\/\/marbellavacationhomes.com\/?page_id=5144"},"modified":"2021-10-14T11:03:06","modified_gmt":"2021-10-14T09:03:06","slug":"por-que-elegir-nuestra-agencia","status":"publish","type":"page","link":"https:\/\/marbellavacationhomes.com\/es\/quienes-somos\/por-que-elegir-nuestra-agencia\/","title":{"rendered":"\u00bfPor qu\u00e9 elegir nuestra agencia?"},"content":{"rendered":"\n<div class=\"wp-block-cover has-background-dim-10 has-background-dim\"><img loading=\"lazy\" decoding=\"async\" width=\"1343\" height=\"693\" class=\"wp-block-cover__image-background wp-image-6567\" alt=\"\" src=\"https:\/\/marbellavacationhomes.com\/wp-content\/uploads\/2021\/10\/Why-choose-our-real-estate-agency.jpg\" style=\"object-position:49% 75%\" data-object-fit=\"cover\" data-object-position=\"49% 75%\" srcset=\"https:\/\/marbellavacationhomes.com\/wp-content\/uploads\/2021\/10\/Why-choose-our-real-estate-agency.jpg 1343w, https:\/\/marbellavacationhomes.com\/wp-content\/uploads\/2021\/10\/Why-choose-our-real-estate-agency-300x155.jpg 300w, https:\/\/marbellavacationhomes.com\/wp-content\/uploads\/2021\/10\/Why-choose-our-real-estate-agency-1024x528.jpg 1024w, https:\/\/marbellavacationhomes.com\/wp-content\/uploads\/2021\/10\/Why-choose-our-real-estate-agency-768x396.jpg 768w\" sizes=\"(max-width: 1343px) 100vw, 1343px\" \/><div class=\"wp-block-cover__inner-container\">\n<p class=\"has-text-align-center\" style=\"font-size:40px\">\u00bfPOR QU\u00c9 ELEGIR NUESTRA AGENCIA?<\/p>\n<\/div><\/div>\n\n\n\n<div style=\"height:65px\" aria-hidden=\"true\" class=\"wp-block-spacer\"><\/div>\n\n\n\n<h2 class=\"has-text-align-center wp-block-heading\" style=\"font-size:25px\"><span style=\"color:#08628a\" class=\"has-inline-color\">EXPERIENCIA Y MULTICULTURALIDAD<\/span><\/h2>\n\n\n\n<p class=\"justificar has-default-font-size\"><a href=\"https:\/\/marbellavacationhomes.com\/es\/\" target=\"_blank\" rel=\"noreferrer noopener\">Marbella Vacation Homes <\/a>dio sus primeros pasos en los sinuosos caminos de la <a href=\"https:\/\/marbellavacationhomes.com\/es\/compraventas\/\" target=\"_blank\" rel=\"noreferrer noopener\">compraventa <\/a>y <a href=\"https:\/\/marbellavacationhomes.com\/es\/alquileres\/\" target=\"_blank\" rel=\"noreferrer noopener\">alquiler <\/a>de inmuebles en 2014, afinando cada vez m\u00e1s su m\u00e9todo de selecci\u00f3n, tanto en las propuestas ofrecidas como en la especializaci\u00f3n de sus <a href=\"https:\/\/marbellavacationhomes.com\/es\/otros-servicios\/\" target=\"_blank\" rel=\"noreferrer noopener\">servicios<\/a>. Para hacer frente a todos los imprevistos y satisfacer cualquier perfil de cliente, la experiencia por s\u00ed sola no es suficiente, tambi\u00e9n se necesita una visi\u00f3n precisa y global, una estrategia capaz de seguir los cambios del peculiar mercado inmobiliario de la Costa Del Sol. Porque a la hora de elegir un agente, es importante contar con alguien que <strong>conozca el territorio<\/strong>, pero que al mismo tiempo <strong>entienda las necesidades de las diferentes tipolog\u00edas de personas<\/strong>. En este sentido, la Costa del Sol y a\u00fan m\u00e1s la zona de <a href=\"https:\/\/www.andalucia.org\/es\/marbella\" target=\"_blank\" rel=\"noreferrer noopener\">Marbella <\/a>se distinguen por abarcar una amplia variedad de nacionalidades que, por sus diferencias socioculturales, necesitan una atenci\u00f3n espec\u00edfica y servicios distintos.<strong> Suecos, ingleses, holandeses, rusos, italianos, franceses, americanos, asi\u00e1ticos, emirat\u00edes, etc<\/strong>.\u2026 suelen tener necesidades muy distintas a la hora de buscar una casa o unos inquilinos. El conocimiento de estas diferencias nos hace fuertes porque, s\u00f3lo entendiendo a esa variedad de culturas, somos capaces de ofrecer el servicio m\u00e1s acorde a cada perfil y necesidad.<\/p>\n\n\n\n<div style=\"height:41px\" aria-hidden=\"true\" class=\"wp-block-spacer\"><\/div>\n\n\n\n<h2 class=\"has-text-align-center wp-block-heading\" style=\"font-size:25px\"><span style=\"color:#08628a\" class=\"has-inline-color\">PRACTICIDAD: POCO PERO BUENO<\/span><\/h2>\n\n\n\n<p class=\"justificar has-default-font-size\">En una sociedad en la que parece que s\u00f3lo cuenta la cantidad, <strong>Marbella Vacation Homes ha optado por la calidad.<br>\u201c<em>Poco, pero bueno<\/em>\u201d <\/strong>para ser sint\u00e9ticos. De hecho, nuestra agencia selecciona s\u00f3lo viviendas de alto est\u00e1ndar y colaboradores de probada profesionalidad que representen una s\u00f3lida garant\u00eda a la hora de enfrentarse al delicado mundo del alquiler y la compraventa. Adem\u00e1s, para nuestra agencia es fundamental comprender exactamente el objetivo de cada cliente, para ofrecerle s\u00f3lo las soluciones ideales para sus necesidades, sin hacerles perder el tiempo con propuestas poco concretas. Preferimos ofrecer un servicio impecable, aunque ello suponga tener un n\u00famero menor de clientes.<\/p>\n\n\n\n<div style=\"height:41px\" aria-hidden=\"true\" class=\"wp-block-spacer\"><\/div>\n\n\n\n<h2 class=\"has-text-align-center wp-block-heading\" style=\"font-size:25px\"><span style=\"color:#08628a\" class=\"has-inline-color\">COMISI\u00d3N COMPETITIVA<\/span><\/h2>\n\n\n\n<p class=\"justificar has-default-font-size\">Un servicio de calidad pasa tambi\u00e9n por una justa evaluaci\u00f3n de los costes. Marbella Vacation Homes cree firmemente en la relaci\u00f3n personal con su cliente y, para ganarse su plena confianza, ofrece una alta profesionalidad a cambio de un coste justo y muy competitivo. Por norma general, en el caso de los alquileres, las agencias inmobiliarias suelen cobrar el correspectivo de una mensualidad de renta al propietario y otra al inquilino, pero en Marbella Vacation Homes lo reducimos a <strong>s\u00f3lo un mes en total, repartido igualmente entre las dos partes<\/strong>.<\/p>\n\n\n\n<div style=\"height:41px\" aria-hidden=\"true\" class=\"wp-block-spacer\"><\/div>\n\n\n\n<h2 class=\"has-text-align-center wp-block-heading\" style=\"font-size:25px\"><span style=\"color:#08628a\" class=\"has-inline-color\">UN TEAM HECHO POR EXPERTOS<\/span><\/h2>\n\n\n\n<p class=\"justificar has-default-font-size\">Marbella Vacation Homes cuenta con un equipo de brillantes colaboradores capaces de evaluar a la perfecci\u00f3n el perfil del cliente, las caracter\u00edsticas de las viviendas y las transacciones que gestionan. Nuestros profesionales toman las medidas adecuadas para presentar las viviendas de la mejor manera posible, recopilar toda la documentaci\u00f3n necesaria y realizar las tediosas tareas burocr\u00e1ticas, siempre con un trato cordial y cercano. Flanqueados por <a href=\"https:\/\/marbellavacationhomes.com\/es\/quienes-somos\/colaboradores\/\">arquitectos, notarios, abogados, fot\u00f3grafos\u2026<\/a> nuestros agentes proporcionan el apoyo adecuado en cada etapa de la transacci\u00f3n.<\/p>\n\n\n\n<div style=\"height:41px\" aria-hidden=\"true\" class=\"wp-block-spacer\"><\/div>\n\n\n\n<h2 class=\"has-text-align-center wp-block-heading\" style=\"font-size:25px\"><span style=\"color:#08628a\" class=\"has-inline-color\">\u201cEXPERTOS EN FAMILIAS\u201d<\/span><\/h2>\n\n\n\n<p class=\"justificar has-default-font-size\">Lo que hace de una casa un verdadero hogar, es la familia que la habita. Como madre de 4 ni\u00f1os, antes que empresaria, la f<a href=\"https:\/\/marbellavacationhomes.com\/es\/quienes-somos\/\">undadora de Marbella Vacation Homes<\/a> ha trasmitido a la agencia el fundamental valor de la<strong> dedicaci\u00f3n hacia el entero n\u00facleo familiar<\/strong>. No podr\u00edamos ofrecer un servicio de excelencia sin pensar en cada uno de los miembros que componen la familia, peque\u00f1os incluidos. Somos expertos en reconocer de antemano las necesidades de los ni\u00f1os y, por esto, contamos con una selecci\u00f3n de viviendas especialmente indicadas para familias, que incluyen todo tipo de comodidades: amplios espacios, jardines, piscinas, cercan\u00eda a los mejores colegios, institutos o parques infantiles, instalaciones deportivas\u2026 Disponemos adem\u00e1s de <a href=\"https:\/\/marbellavacationhomes.com\/es\/otros-servicios\/guest-services\/\">servicios extras que apoyan a la familia<\/a>, no s\u00f3lo en el proceso de b\u00fasqueda del hogar ideal, sino tambi\u00e9n posteriormente, ofreciendo ayudas puntuales gracias a nuestro <strong>servicio de babysitting, limpieza, etc<\/strong>. Descubre todos nuestros servicios en <a href=\"https:\/\/marbellavacationhomes.com\/es\/otros-servicios\/guest-services\/\">este link<\/a>.<\/p>\n\n\n\n<div style=\"height:41px\" aria-hidden=\"true\" class=\"wp-block-spacer\"><\/div>\n\n\n\n<h2 class=\"has-text-align-center wp-block-heading\" style=\"font-size:25px\"><span style=\"color:#08628a\" class=\"has-inline-color\">FILOSOF\u00cdA: COMO SI FUERA PARA NOSOTROS<\/span><\/h2>\n\n\n\n<p class=\"justificar has-default-font-size\">Nos dedicamos al mundo del lujo, pero <strong>sin perder nuestra genuinidad<\/strong>. Ofrecemos un trato profesional, pr\u00e1ctico, cercano y familiar. Queremos vivir tus emociones y disfrutar plenamente de cada objetivo conseguido.<\/p>\n","protected":false},"excerpt":{"rendered":"<p>EXPERIENCIA Y MULTICULTURALIDAD Marbella Vacation Homes dio sus primeros pasos en los sinuosos caminos de la compraventa y alquiler de inmuebles en 2014, afinando cada vez m\u00e1s su m\u00e9todo de selecci\u00f3n, tanto en las propuestas ofrecidas como en la especializaci\u00f3n de sus servicios. Para hacer frente a todos los imprevistos y satisfacer cualquier perfil de <span class=\"moretag\"><a href=\"https:\/\/marbellavacationhomes.com\/es\/quienes-somos\/por-que-elegir-nuestra-agencia\/\" class=\"btn btn-sm btn-primary\">[Spanish] More info<\/a><\/span><\/p>\n","protected":false},"author":1,"featured_media":0,"parent":5114,"menu_order":2,"comment_status":"closed","ping_status":"closed","template":"","meta":{"_acf_changed":false,"footnotes":""},"acf":[],"aioseo_notices":[],"_links":{"self":[{"href":"https:\/\/marbellavacationhomes.com\/es\/wp-json\/wp\/v2\/pages\/5144"}],"collection":[{"href":"https:\/\/marbellavacationhomes.com\/es\/wp-json\/wp\/v2\/pages"}],"about":[{"href":"https:\/\/marbellavacationhomes.com\/es\/wp-json\/wp\/v2\/types\/page"}],"author":[{"embeddable":true,"href":"https:\/\/marbellavacationhomes.com\/es\/wp-json\/wp\/v2\/users\/1"}],"replies":[{"embeddable":true,"href":"https:\/\/marbellavacationhomes.com\/es\/wp-json\/wp\/v2\/comments?post=5144"}],"version-history":[{"count":17,"href":"https:\/\/marbellavacationhomes.com\/es\/wp-json\/wp\/v2\/pages\/5144\/revisions"}],"predecessor-version":[{"id":7203,"href":"https:\/\/marbellavacationhomes.com\/es\/wp-json\/wp\/v2\/pages\/5144\/revisions\/7203"}],"up":[{"embeddable":true,"href":"https:\/\/marbellavacationhomes.com\/es\/wp-json\/wp\/v2\/pages\/5114"}],"wp:attachment":[{"href":"https:\/\/marbellavacationhomes.com\/es\/wp-json\/wp\/v2\/media?parent=5144"}],"curies":[{"name":"wp","href":"https:\/\/api.w.org\/{rel}","templated":true}]}}