{"id":5137,"date":"2021-05-25T20:16:43","date_gmt":"2021-05-25T18:16:43","guid":{"rendered":"https:\/\/marbellavacationhomes.com\/?page_id=5137"},"modified":"2021-12-02T12:07:51","modified_gmt":"2021-12-02T11:07:51","slug":"donde-trabajamos-area","status":"publish","type":"page","link":"https:\/\/marbellavacationhomes.com\/es\/quienes-somos\/donde-trabajamos-area\/","title":{"rendered":"\u00bfD\u00f3nde trabajamos?"},"content":{"rendered":"\n<div class=\"wp-block-cover has-background-dim-10 has-background-dim\"><img loading=\"lazy\" decoding=\"async\" width=\"1349\" height=\"689\" class=\"wp-block-cover__image-background wp-image-6478\" alt=\"\" src=\"https:\/\/marbellavacationhomes.com\/wp-content\/uploads\/2021\/10\/marbella-costa-del-sol-real-estate-3.jpg\" data-object-fit=\"cover\" srcset=\"https:\/\/marbellavacationhomes.com\/wp-content\/uploads\/2021\/10\/marbella-costa-del-sol-real-estate-3.jpg 1349w, https:\/\/marbellavacationhomes.com\/wp-content\/uploads\/2021\/10\/marbella-costa-del-sol-real-estate-3-300x153.jpg 300w, https:\/\/marbellavacationhomes.com\/wp-content\/uploads\/2021\/10\/marbella-costa-del-sol-real-estate-3-1024x523.jpg 1024w, https:\/\/marbellavacationhomes.com\/wp-content\/uploads\/2021\/10\/marbella-costa-del-sol-real-estate-3-768x392.jpg 768w\" sizes=\"(max-width: 1349px) 100vw, 1349px\" \/><div class=\"wp-block-cover__inner-container\">\n<p class=\"has-text-align-center\" style=\"font-size:45px\"><strong>EN MARBELLA JUGAMOS EN CASA<\/strong><\/p>\n<\/div><\/div>\n\n\n\n<div style=\"height:40px\" aria-hidden=\"true\" class=\"wp-block-spacer\"><\/div>\n\n\n\n<p class=\"justificar has-default-font-size has-medium-font-size\"><span style=\"color:#009cab\" class=\"has-inline-color\"><strong>En Marbella Jugamos en Casa. <a href=\"https:\/\/marbellavacationhomes.com\/es\/\">Marbella Vacation Homes <\/a>tiene una s\u00f3lida experiencia en <a href=\"https:\/\/marbellavacationhomes.com\/es\/compraventas\/\">compraventas <\/a>y <a href=\"https:\/\/marbellavacationhomes.com\/es\/alquileres\/\">alquileres <\/a>en Marbella y sus alrededores, un \u00e1rea muy competitiva que requiere una preparaci\u00f3n y un estudio cuidadoso de un mercado siempre m\u00e1s exigente y en continua evoluci\u00f3n.<\/strong><\/span><\/p>\n\n\n\n<div style=\"height:40px\" aria-hidden=\"true\" class=\"wp-block-spacer\"><\/div>\n\n\n\n<h2 class=\"has-text-align-center wp-block-heading\" style=\"font-size:30px\"><span style=\"color:#08628a\" class=\"has-inline-color\">MARBELLA, LA PERLA DEL LA COSTA DEL SOL<\/span><\/h2>\n\n\n\n<p class=\"justificar has-default-font-size\">Lujo, tradici\u00f3n y confort se fusionan en esta maravillosa ciudad del Mediterr\u00e1neo. Situada a medio camino entre <a href=\"https:\/\/www.andalucia.org\/es\/provincia-malaga\" target=\"_blank\" rel=\"noreferrer noopener\">M\u00e1laga <\/a>y el <a href=\"http:\/\/www.visitgibraltar.gi\/es\" target=\"_blank\" rel=\"noreferrer noopener\">Estrecho de Gibraltar<\/a>, sus 150.000 habitantes la convierten en una de las ciudades m\u00e1s pobladas de toda la zona. Clima inmejorable, un sol brillante y un hermoso casco antiguo y paseo mar\u00edtimo, hacen de <a href=\"https:\/\/www.marbella.es\/\" target=\"_blank\" rel=\"noreferrer noopener\">Marbella <\/a>el destino vacacional favorito de un turismo de alto poder adquisitivo. Marbella se ha convertido en una localidad glamurosa, elegida por actores y deportistas que optan por comprar una villa aqu\u00ed. Famosos como Sean Connery, George Clooney, Antonio Banderas, Julio Iglesias y Zinedine Zidane tienen casa en Marbella, junto con una amplia gama de cantantes, m\u00fasicos y personalidades internacionales. Nadie se resiste a los hermosos paisajes de esta zona. Rodeada de mar y monta\u00f1a, Marbella lo tiene todo: un excelente microclima, 27 km de playas (algunas muy particulares, como la playa de Artola, con sus espectaculares dunas, declaradas Monumento natural desde el a\u00f1o 2001), campos de golf, clubes exclusivos, amplia oferta hotelera y gastron\u00f3mica, lujosos centros comerciales, vida nocturna, un casco antiguo de lo m\u00e1s pintoresco y un ambiente distinguido. Una ciudad que re\u00fane las condiciones perfectas para pasar unas inolvidables vacaciones o, mejor a\u00fan, para vivir todo el a\u00f1o. <br><br>La <a href=\"https:\/\/marbellavacationhomes.com\/es\/listings\/?keyword=&amp;offer=&amp;location=marbella-es&amp;listing-type=&amp;bedrooms=&amp;bathrooms=\">oferta inmobiliaria del \u00e1rea urbana de Marbella<\/a> es muy amplia: <strong>desde peque\u00f1os estudios en el paseo mar\u00edtimo, hasta grandes mansiones, urbanizaciones y conjuntos residenciales de primera clase<\/strong>. La zona al oeste de la ciudad &#8211; conocida como la <strong>Milla de Oro<\/strong> &#8211; <strong>destaca especialmente por su exclusividad<\/strong>: es aqu\u00ed donde se encuentran las villas m\u00e1s lujosas, as\u00ed como algunos de los hoteles de lujo m\u00e1s impresionantes de la ciudad.<\/p>\n\n\n\n<div style=\"height:40px\" aria-hidden=\"true\" class=\"wp-block-spacer\"><\/div>\n\n\n\n<h2 class=\"has-text-align-center wp-block-heading\" style=\"font-size:30px\"><span style=\"color:#08628a\" class=\"has-inline-color\">PUERTO BANUS\u2026ES PUERTO BANUS<\/span><\/h2>\n\n\n\n<p class=\"justificar has-default-font-size\">Reflejado en las aguas del Mediterr\u00e1neo y respaldado por \u201c<a href=\"https:\/\/www.malaga.es\/es\/turismo\/naturaleza\/lis_cd-7813\/concha-marbella-rincon-singular\" target=\"_blank\" rel=\"noreferrer noopener\">La Concha<\/a>\u201d, se encuentra <a href=\"https:\/\/puerto-banus.com\/\" target=\"_blank\" rel=\"noreferrer noopener\">Puerto Ban\u00fas<\/a>, el famoso puerto deportivo, situado a pocos kil\u00f3metros de Marbella. Creado en los a\u00f1os \u201870 por <a href=\"https:\/\/es.wikipedia.org\/wiki\/Jos%C3%A9_Ban%C3%BAs\" target=\"_blank\" rel=\"noreferrer noopener\">Jos\u00e9 Ban\u00fas<\/a>, un conocido empresario y constructor local, esta zona fue pensada exclusivamente para el turismo de lujo. Su popularidad creci\u00f3 exponencialmente y hoy en d\u00eda Puerto Ban\u00fas es visitado por unos 5 millones de turistas cada a\u00f1o, adem\u00e1s de ser un destino preferencial entre los famosos de todo el mundo. Con su estilo mediterr\u00e1neo, la zona cuenta con lujosas tiendas y centros comerciales, bares, restaurantes, discotecas y, sobre todo, un magnifico puerto donde, junto a los yates m\u00e1s impresionantes, es posible asistir a un aut\u00e9ntico desfile de coches deportivos de lujo, como Rolls Royce, Bentley, Ferrari, etc.<br>Desde el punto de vista inmobiliario, en esta peque\u00f1a zona se encuentran sobre todo<strong> lujosos apartamentos y estudios.<\/strong><\/p>\n\n\n\n<div style=\"height:40px\" aria-hidden=\"true\" class=\"wp-block-spacer\"><\/div>\n\n\n\n<h2 class=\"has-text-align-center wp-block-heading\" style=\"font-size:30px\"><span style=\"color:#08628a\" class=\"has-inline-color\">NUEVA ANDALUC\u00cdA, INTERNACIONALIDAD<\/span><\/h2>\n\n\n\n<p class=\"justificar has-default-font-size\"><a href=\"https:\/\/es.wikipedia.org\/wiki\/Nueva_Andaluc%C3%ADa_(Marbella)\" target=\"_blank\" rel=\"noreferrer noopener\">Nueva Andaluc\u00eda<\/a> es una zona tranquila que se extiende desde Puerto Ban\u00fas y llega hasta los parajes naturales de Sierra Palmitera. Un distrito residencial muy pintoresco, donde la mirada acaricia las verdes colinas bordadas por los conocidos campos de golf de <a href=\"https:\/\/realclubdegolflasbrisas.com\/\" target=\"_blank\" rel=\"noreferrer noopener\">Las Brisas<\/a>, <a href=\"https:\/\/www.clubdegolfaloha.com\/general\/\" target=\"_blank\" rel=\"noreferrer noopener\">Aloha <\/a>y <a href=\"https:\/\/www.losnaranjos.com\" target=\"_blank\" rel=\"noreferrer noopener\">Los Naranjos<\/a>. En ella se encuentran c\u00f3modas zonas residenciales como La Dama de Noche \u2013 muy cerca del puerto \u2013 y La Quinta que se extiende hasta los mism\u00edsimos pies de La Concha. Nueva Andaluc\u00eda se diferencia por su privacidad, exclusividad e internacionalidad. De hecho, alberga el prestigioso Colegio Internacional Aloha que ofrece un servicio educativo desde las etapas de guarder\u00eda e infantil, hasta el bachillerato.<br><br>De indudable atracci\u00f3n para los golfistas, en Nueva Andaluc\u00eda se encuentran todo tipo de viviendas: <strong>desde peque\u00f1os apartamentos y preciosas casas adosadas para veraneantes, hasta grandes y lujosos chal\u00e9s en primera l\u00ednea de golf.<\/strong><\/p>\n\n\n\n<figure class=\"wp-block-image size-full\"><img loading=\"lazy\" decoding=\"async\" width=\"1350\" height=\"689\" src=\"https:\/\/marbellavacationhomes.com\/wp-content\/uploads\/2021\/10\/golf-clubs-marbella.jpg\" alt=\"golf in marbella\" class=\"wp-image-6505\" srcset=\"https:\/\/marbellavacationhomes.com\/wp-content\/uploads\/2021\/10\/golf-clubs-marbella.jpg 1350w, https:\/\/marbellavacationhomes.com\/wp-content\/uploads\/2021\/10\/golf-clubs-marbella-300x153.jpg 300w, https:\/\/marbellavacationhomes.com\/wp-content\/uploads\/2021\/10\/golf-clubs-marbella-1024x523.jpg 1024w, https:\/\/marbellavacationhomes.com\/wp-content\/uploads\/2021\/10\/golf-clubs-marbella-768x392.jpg 768w\" sizes=\"(max-width: 1350px) 100vw, 1350px\" \/><\/figure>\n\n\n\n<div style=\"height:40px\" aria-hidden=\"true\" class=\"wp-block-spacer\"><\/div>\n\n\n\n<h2 class=\"has-text-align-center wp-block-heading\" style=\"font-size:30px\"><span style=\"color:#08628a\" class=\"has-inline-color\">SAN PEDRO ALC\u00c1NTARA, FAMILIAR Y TRANQUILO<\/span><\/h2>\n\n\n\n<p class=\"justificar has-default-font-size\">Este antiguo pueblo de pescadores, situado en el extremo occidental del municipio de Marbella, es una zona de gran potencial que en los \u00faltimos a\u00f1os est\u00e1 experimentado un creciente desarrollo y demanda. San Pedro Alc\u00e1ntara tiene atractivo tur\u00edstico debido a una atmosfera familiar, un estupendo paseo mar\u00edtimo, las nuevas instalaciones del Bulevar, as\u00ed como una gran variedad de tiendas, boutiques, restaurantes y bares. Las familias encuentran en este pueblo una localizaci\u00f3n ideal, debido a la presencia de varios colegios e institutos p\u00fablicos e internacionales de prestigio (<a href=\"https:\/\/www.laudesanpedro.com\/\" target=\"_blank\" rel=\"noreferrer noopener\">Colegio Brit\u00e1nico Privado &#8211; Laude<\/a>,<a href=\"https:\/\/stgeorgesmarbella.es\/\" target=\"_blank\" rel=\"noreferrer noopener\"> Saint George\u2019s School<\/a>, <a href=\"https:\/\/www.calpeschool.com\/\" target=\"_blank\" rel=\"noreferrer noopener\">Calpe School<\/a>, <a href=\"https:\/\/www.marbellamontessori.org\/\" target=\"_blank\" rel=\"noreferrer noopener\" title=\"https:\/\/www.marbellamontessori.org\/\">Marbella Montessori School<\/a>, <a href=\"https:\/\/www.colegiosanjose.net\/\" target=\"_blank\" rel=\"noreferrer noopener\">Colegio San Jos\u00e9<\/a>).<br>Tambi\u00e9n para los golfistas ofrece muchas opciones: los campos de <a href=\"https:\/\/www.guadalminagolf.com\/\" target=\"_blank\" rel=\"noreferrer noopener\">golf de Guadalmina<\/a>, <a href=\"https:\/\/www.laquintaresort.com\/golf\/\" target=\"_blank\" rel=\"noreferrer noopener\">La Quinta<\/a> y <a href=\"http:\/\/www.losarquerosgolf.com\/\" target=\"_blank\" rel=\"noreferrer noopener\">Los Arqueros<\/a>, as\u00ed como todos los de Nueva Andaluc\u00eda est\u00e1n a muy pocos minutos en coche. Hacia el oeste en direcci\u00f3n Estepona se encuentran los campos de <a href=\"https:\/\/www.atalaya-golf.com\/\" target=\"_blank\" rel=\"noreferrer noopener\">Atalaya<\/a>, <a href=\"https:\/\/elparaisogolf.com\/\" target=\"_blank\" rel=\"noreferrer noopener\">El Para\u00edso<\/a>, <a href=\"https:\/\/villapadiernagolfclub.com\/campos\/flamingos-golf\/\" target=\"_blank\" rel=\"noreferrer noopener\">Los Flamingos<\/a> y el <a href=\"https:\/\/www.marbellaclub.com\/?gclid=CjwKCAjwh5qLBhALEiwAioodswUu_1HxJctESlVbu1o4VeGD5Pz_71dxUPGWjU7XqDABB2HdB_cwqBoC1Z4QAvD_BwE&amp;gclsrc=aw.ds\" target=\"_blank\" rel=\"noreferrer noopener\">Marbella Club Golf Resort<\/a>, que acogen a la gran mayor\u00eda de los muchos aficionados al golf de la Costa del Sol.<br><br>El pueblo ofrece una variedad importante de viviendas: en el barrio de Guadalmina encontramos <strong>villas de lujo y adosadas con amplios jardines y vista a los campos de golf<\/strong>. En la zona de <strong>San Pedro Playa<\/strong>, en constante evoluci\u00f3n, es m\u00e1s frecuente una tipolog\u00eda de <strong>pisos modernos con todo tipo de servicios e inmejorable cercan\u00eda al mar y al casco antiguo.<\/strong><\/p>\n\n\n\n<div style=\"height:40px\" aria-hidden=\"true\" class=\"wp-block-spacer\"><\/div>\n\n\n\n<h2 class=\"has-text-align-center wp-block-heading\" style=\"font-size:30px\"><span style=\"color:#08628a\" class=\"has-inline-color\">ESTEPONA ESTE, NUEVA CONSTRUCCI\u00d3N<\/span><\/h2>\n\n\n\n<p class=\"justificar has-default-font-size\"><a href=\"https:\/\/www.andalucia.org\/es\/estepona\" target=\"_blank\" rel=\"noreferrer noopener\">Estepona<\/a>, bonita ciudad cargada de historia, con sus 23 km de litoral fue uno de los primeros centros de la Costa del Sol en abrirse al turismo. M\u00e1s de 50 a\u00f1os despu\u00e9s de la llegada de los primeros veraneantes, Estepona sigue siendo un destino de playa muy popular que, a pesar del desarrollo tur\u00edstico, ha conseguido mantener intacto su encanto originario.<\/p>\n\n\n\n<p>Marbella Vacation Homes se dedica principalmente a la parte Este de Estepona: una <strong>zona muy residencial, de nueva construcci\u00f3n y caracterizada por complejos residenciales a pie de playa, dotados de spa, gimnasios y todo tipo de servicios privados<\/strong>. En el \u00e1rea de Estepona Este se encuentra tambi\u00e9n el <a href=\"https:\/\/www.colegioatalaya.es\/en\/atalaya-international-school\/\" target=\"_blank\" rel=\"noreferrer noopener\">Colegio Biling\u00fce Atalaya<\/a>, as\u00ed como \u201c<a href=\"http:\/\/www.elcampanariodelparaiso.com\/\" target=\"_blank\" rel=\"noreferrer noopener\">El Campanario del Para\u00edso, Health and Wellness Resort<\/a>\u201d, un moderno centro deportivo, tiendas y supermercados.<\/p>\n\n\n\n<figure class=\"wp-block-image size-full\"><img loading=\"lazy\" decoding=\"async\" width=\"1349\" height=\"679\" src=\"https:\/\/marbellavacationhomes.com\/wp-content\/uploads\/2021\/10\/estepona-real-estate.jpg\" alt=\"estepona \" class=\"wp-image-6520\" srcset=\"https:\/\/marbellavacationhomes.com\/wp-content\/uploads\/2021\/10\/estepona-real-estate.jpg 1349w, https:\/\/marbellavacationhomes.com\/wp-content\/uploads\/2021\/10\/estepona-real-estate-300x151.jpg 300w, https:\/\/marbellavacationhomes.com\/wp-content\/uploads\/2021\/10\/estepona-real-estate-1024x515.jpg 1024w, https:\/\/marbellavacationhomes.com\/wp-content\/uploads\/2021\/10\/estepona-real-estate-768x387.jpg 768w\" sizes=\"(max-width: 1349px) 100vw, 1349px\" \/><\/figure>\n\n\n\n<div style=\"height:40px\" aria-hidden=\"true\" class=\"wp-block-spacer\"><\/div>\n\n\n\n<h2 class=\"has-text-align-center wp-block-heading\" style=\"font-size:30px\"><span style=\"color:#08628a\" class=\"has-inline-color\">BENAHAV\u00cdS, EL PARAISO PARA LOS ENAMORADOS DE LA NATURALEZA<\/span><\/h2>\n\n\n\n<p class=\"justificar has-default-font-size\"><a href=\"https:\/\/www.andalucia.org\/es\/benahavis\" target=\"_blank\" rel=\"noreferrer noopener\">Benahav\u00eds <\/a>es un t\u00edpico pueblo andaluz, de monta\u00f1a, pero situado a s\u00f3lo 7 km de la costa, a medio camino entre Marbella, Ronda y Estepona. Con sus calles estrechas y casas con fachadas encaladas, rodeadas de frondosa vegetaci\u00f3n, este municipio destaca como destino de turismo residencial y por su reputaci\u00f3n internacional, gracias a sus urbanizaciones de lujo como La Zagaleta. Su buena fama se debe tambi\u00e9n a un \u00f3ptimo colegio p\u00fablico que atrae estudiantes de varias nacionalidades.<br>Conocido por ser \u201cel<strong> Rinc\u00f3n Gastron\u00f3mico de Andaluc\u00eda<\/strong>\u201d, Benahav\u00eds se conoce tambi\u00e9n por la gran cantidad de restaurantes que albergan sus calles. Atravesado por los r\u00edos Guadalmina, Guadaiza y Guadalmansa, el pueblo est\u00e1 bien comunicado con las poblaciones cercanas y ofrece una amplia variedad de campos de golf, piscinas, pistas de tenis de uso p\u00fablico, as\u00ed como una infinidad de rutas de senderismo.<br><br>La propuesta inmobiliaria de Benahav\u00eds se distingue por viviendas de nueva construcci\u00f3n, y zonas de lujo (como la mencionada Zagaleta). Adem\u00e1s, debido a la \u00f3ptima <strong>situaci\u00f3n econ\u00f3mico-financiera de la localidad y a la magn\u00edfica gesti\u00f3n de su ayuntamiento, los impuestos municipales, como el IBI, suelen ser reducidos.<\/strong><\/p>\n\n\n\n<div style=\"height:40px\" aria-hidden=\"true\" class=\"wp-block-spacer\"><\/div>\n\n\n\n<ul><li><a href=\"https:\/\/marbellavacationhomes.com\/es\/alquileres\/\" target=\"_blank\" rel=\"noreferrer noopener\">Nuestros alquileres.<\/a><\/li><li><a href=\"https:\/\/marbellavacationhomes.com\/es\/compraventas\/\" target=\"_blank\" rel=\"noreferrer noopener\">Compraventas<\/a>. <\/li><li><a href=\"https:\/\/marbellavacationhomes.com\/es\/otros-servicios\/\" target=\"_blank\" rel=\"noreferrer noopener\">Nuestros servicios. <\/a><\/li><\/ul>\n\n\n\n<div style=\"height:40px\" aria-hidden=\"true\" class=\"wp-block-spacer\"><\/div>\n","protected":false},"excerpt":{"rendered":"<p>En Marbella Jugamos en Casa. Marbella Vacation Homes tiene una s\u00f3lida experiencia en compraventas y alquileres en Marbella y sus alrededores, un \u00e1rea muy competitiva que requiere una preparaci\u00f3n y un estudio cuidadoso de un mercado siempre m\u00e1s exigente y en continua evoluci\u00f3n. MARBELLA, LA PERLA DEL LA COSTA DEL SOL Lujo, tradici\u00f3n y confort <span class=\"moretag\"><a href=\"https:\/\/marbellavacationhomes.com\/es\/quienes-somos\/donde-trabajamos-area\/\" class=\"btn btn-sm btn-primary\">[Spanish] More info<\/a><\/span><\/p>\n","protected":false},"author":1,"featured_media":0,"parent":5114,"menu_order":1,"comment_status":"closed","ping_status":"closed","template":"","meta":{"_acf_changed":false,"footnotes":""},"acf":[],"aioseo_notices":[],"_links":{"self":[{"href":"https:\/\/marbellavacationhomes.com\/es\/wp-json\/wp\/v2\/pages\/5137"}],"collection":[{"href":"https:\/\/marbellavacationhomes.com\/es\/wp-json\/wp\/v2\/pages"}],"about":[{"href":"https:\/\/marbellavacationhomes.com\/es\/wp-json\/wp\/v2\/types\/page"}],"author":[{"embeddable":true,"href":"https:\/\/marbellavacationhomes.com\/es\/wp-json\/wp\/v2\/users\/1"}],"replies":[{"embeddable":true,"href":"https:\/\/marbellavacationhomes.com\/es\/wp-json\/wp\/v2\/comments?post=5137"}],"version-history":[{"count":26,"href":"https:\/\/marbellavacationhomes.com\/es\/wp-json\/wp\/v2\/pages\/5137\/revisions"}],"predecessor-version":[{"id":7442,"href":"https:\/\/marbellavacationhomes.com\/es\/wp-json\/wp\/v2\/pages\/5137\/revisions\/7442"}],"up":[{"embeddable":true,"href":"https:\/\/marbellavacationhomes.com\/es\/wp-json\/wp\/v2\/pages\/5114"}],"wp:attachment":[{"href":"https:\/\/marbellavacationhomes.com\/es\/wp-json\/wp\/v2\/media?parent=5137"}],"curies":[{"name":"wp","href":"https:\/\/api.w.org\/{rel}","templated":true}]}}