{"id":5116,"date":"2021-05-25T20:09:37","date_gmt":"2021-05-25T18:09:37","guid":{"rendered":"https:\/\/marbellavacationhomes.com\/?page_id=5116"},"modified":"2021-10-14T12:03:09","modified_gmt":"2021-10-14T10:03:09","slug":"alquileres","status":"publish","type":"page","link":"https:\/\/marbellavacationhomes.com\/es\/alquileres\/","title":{"rendered":"ALQUILERES"},"content":{"rendered":"\n<figure class=\"wp-block-image size-full\"><img loading=\"lazy\" decoding=\"async\" width=\"1342\" height=\"643\" src=\"https:\/\/marbellavacationhomes.com\/wp-content\/uploads\/2021\/10\/rentals-marbella.jpg\" alt=\"RENTALS IN MARBELLA \" class=\"wp-image-6683\" srcset=\"https:\/\/marbellavacationhomes.com\/wp-content\/uploads\/2021\/10\/rentals-marbella.jpg 1342w, https:\/\/marbellavacationhomes.com\/wp-content\/uploads\/2021\/10\/rentals-marbella-300x144.jpg 300w, https:\/\/marbellavacationhomes.com\/wp-content\/uploads\/2021\/10\/rentals-marbella-1024x491.jpg 1024w, https:\/\/marbellavacationhomes.com\/wp-content\/uploads\/2021\/10\/rentals-marbella-768x368.jpg 768w\" sizes=\"(max-width: 1342px) 100vw, 1342px\" \/><\/figure>\n\n\n\n<div style=\"height:60px\" aria-hidden=\"true\" class=\"wp-block-spacer\"><\/div>\n\n\n\n<p class=\"justificar has-default-font-size\"><strong>En un contexto donde existen miles de agencias inmobiliarias enfocadas en el mundo de la compraventa, <a href=\"https:\/\/marbellavacationhomes.com\/es\/\">Marbella Vacation Homes <\/a>se dedica especialmente a los alquileres de alto standing. De hecho, nuestra agencia naci\u00f3 en el 2014, para dedicarse \u00fanicamente a este segmento y satisfacer la creciente demanda. Nuestra cartera de propiedades se caracteriza por <a href=\"https:\/\/marbellavacationhomes.com\/es\/quienes-somos\/por-que-elegir-nuestra-agencia\/\">anteponer la calidad a la cantidad de viviendas gestionadas<\/a>. \u00a0<\/strong><br><br>Ofrecemos alquileres <strong>de larga, corta<\/strong> y <strong>media temporada <\/strong>en la <a href=\"https:\/\/marbellavacationhomes.com\/es\/quienes-somos\/donde-trabajamos-area\/\">zona <\/a>que va desde <a href=\"https:\/\/www.andalucia.org\/es\/marbella\" target=\"_blank\" rel=\"noreferrer noopener\">Marbella <\/a>hasta la Nueva Milla de Oro en <a href=\"https:\/\/www.andalucia.org\/es\/estepona\" target=\"_blank\" rel=\"noreferrer noopener\">Estepona<\/a>, pasando por Puerto Banus, San Pedro Alc\u00e1ntara, Nueva Andaluc\u00eda y el gracioso pueblo montano de <a href=\"https:\/\/www.andalucia.org\/es\/benahavis\" target=\"_blank\" rel=\"noreferrer noopener\">Benahav\u00eds<\/a>.<\/p>\n\n\n\n<div style=\"height:40px\" aria-hidden=\"true\" class=\"wp-block-spacer\"><\/div>\n\n\n\n<div class=\"wp-block-buttons is-content-justification-center\">\n<div class=\"wp-block-button\"><a class=\"wp-block-button__link has-white-color has-text-color has-background\" href=\"https:\/\/marbellavacationhomes.com\/es\/alquileres\/alquileres-de-corta-temporada\/\" style=\"background-color:#009cab\"><strong><span class=\"has-inline-color has-white-color\">Alquileres Vacationales<\/span><\/strong><\/a><\/div>\n\n\n\n<div class=\"wp-block-button\"><a class=\"wp-block-button__link has-white-color has-text-color has-background\" href=\"https:\/\/marbellavacationhomes.com\/es\/alquileres\/alquileres-de-media-temporada\/\" style=\"background-color:#009cab\"><strong>De Media Temporada<\/strong><\/a><\/div>\n\n\n\n<div class=\"wp-block-button\"><a class=\"wp-block-button__link has-white-color has-text-color has-background\" href=\"https:\/\/marbellavacationhomes.com\/es\/alquileres\/alquileres-de-larga-temporada\/\" style=\"background-color:#009cab\"><strong>De Larga Temporada<\/strong><\/a><\/div>\n<\/div>\n\n\n\n<div class=\"wp-block-columns\">\n<div class=\"wp-block-column is-vertically-aligned-center\">\n<div style=\"height:40px\" aria-hidden=\"true\" class=\"wp-block-spacer\"><\/div>\n\n\n\n<h2 class=\"has-text-align-center wp-block-heading\" style=\"font-size:25px\"><br><span style=\"color:#08628a\" class=\"has-inline-color\">MENOS PROPRIEDADES, M\u00c1S CALIDAD<\/span><\/h2>\n<\/div>\n<\/div>\n\n\n\n<p class=\"justificar has-default-font-size\">Aunque nuestra cartera ha aumentado desde su puesta en marcha, tanto en variedad como en n\u00famero, Marbella Vacation Homes opta por ofrecer un servicio a <strong>medida de cada cliente <\/strong>y por seleccionar escrupulosamente las viviendas ofrecidas. En zonas tan tur\u00edsticas, es fundamental conocer bien el mundo de los alquileres para manejar su potencial de la forma m\u00e1s rentable. Por esta raz\u00f3n, Marbella Vacation Homes se ha especializado en ofrecer, all\u00ed donde sea necesario, un servicio de <strong><a href=\"https:\/\/marbellavacationhomes.com\/es\/otros-servicios\/home-staging-marbella\/\">home staging<\/a><\/strong> que incrementa la est\u00e9tica de las viviendas y facilita su alquiler.<br>Otro elemento que nos caracteriza es la escrupulosa y <strong>estudiada selecci\u00f3n entre inquilinos y propietarios<\/strong>: la Costa del Sol presenta una variedad cultural de las m\u00e1s altas de Espa\u00f1a y eso se traduce en la necesidad de combinar, de la mejor forma posible, perfiles y necesidades. Para encontrar el inquilino ideal, solicitamos informes de solvencia, avales y garant\u00edas de pago.<\/p>\n\n\n\n<div style=\"height:40px\" aria-hidden=\"true\" class=\"wp-block-spacer\"><\/div>\n\n\n\n<h2 class=\"has-text-align-center wp-block-heading\" style=\"font-size:25px\"><span style=\"color:#08628a\" class=\"has-inline-color\">ESPECIALISTAS EN FAMILIAS<\/span><\/h2>\n\n\n\n<p class=\"justificar has-default-font-size\">Lo que hace de una casa un verdadero hogar, es la familia que la habita. Marbella Vacation Homes no podr\u00eda ofrecer un servicio de excelencia sin <strong>pensar en cada uno de los miembros que componen la familia<\/strong>, peque\u00f1os incluidos. Somos expertos en reconocer de antemano las necesidades de las familias con ni\u00f1os y por esto contamos con una selecci\u00f3n de viviendas especiales que incluyen todo tipo de comodidades: espacios amplios, jardines, piscinas, cercan\u00eda a los mejores colegios, institutos o parques infantiles, instalaciones deportivas\u2026 Disponemos tambi\u00e9n de servicios extras que apoyan a las familias no s\u00f3lo en el proceso de b\u00fasqueda del hogar ideal, sino tambi\u00e9n posteriormente, ofreciendo ayudas puntuales con <strong>nuestros servicios de babysitting, limpieza, etc<\/strong>. Descubre todos nuestros servicios en <a href=\"https:\/\/marbellavacationhomes.com\/es\/otros-servicios\/\" target=\"_blank\" rel=\"noreferrer noopener\">este link.<\/a>\u00a0<br><br><br><\/p>\n","protected":false},"excerpt":{"rendered":"<p>En un contexto donde existen miles de agencias inmobiliarias enfocadas en el mundo de la compraventa, Marbella Vacation Homes se dedica especialmente a los alquileres de alto standing. De hecho, nuestra agencia naci\u00f3 en el 2014, para dedicarse \u00fanicamente a este segmento y satisfacer la creciente demanda. Nuestra cartera de propiedades se caracteriza por anteponer <span class=\"moretag\"><a href=\"https:\/\/marbellavacationhomes.com\/es\/alquileres\/\" class=\"btn btn-sm btn-primary\">[Spanish] More info<\/a><\/span><\/p>\n","protected":false},"author":1,"featured_media":0,"parent":0,"menu_order":3,"comment_status":"closed","ping_status":"closed","template":"","meta":{"_acf_changed":false,"footnotes":""},"acf":[],"aioseo_notices":[],"_links":{"self":[{"href":"https:\/\/marbellavacationhomes.com\/es\/wp-json\/wp\/v2\/pages\/5116"}],"collection":[{"href":"https:\/\/marbellavacationhomes.com\/es\/wp-json\/wp\/v2\/pages"}],"about":[{"href":"https:\/\/marbellavacationhomes.com\/es\/wp-json\/wp\/v2\/types\/page"}],"author":[{"embeddable":true,"href":"https:\/\/marbellavacationhomes.com\/es\/wp-json\/wp\/v2\/users\/1"}],"replies":[{"embeddable":true,"href":"https:\/\/marbellavacationhomes.com\/es\/wp-json\/wp\/v2\/comments?post=5116"}],"version-history":[{"count":23,"href":"https:\/\/marbellavacationhomes.com\/es\/wp-json\/wp\/v2\/pages\/5116\/revisions"}],"predecessor-version":[{"id":7231,"href":"https:\/\/marbellavacationhomes.com\/es\/wp-json\/wp\/v2\/pages\/5116\/revisions\/7231"}],"wp:attachment":[{"href":"https:\/\/marbellavacationhomes.com\/es\/wp-json\/wp\/v2\/media?parent=5116"}],"curies":[{"name":"wp","href":"https:\/\/api.w.org\/{rel}","templated":true}]}}