{"id":5114,"date":"2021-05-25T20:07:21","date_gmt":"2021-05-25T18:07:21","guid":{"rendered":"https:\/\/marbellavacationhomes.com\/?page_id=5114"},"modified":"2021-10-13T14:41:54","modified_gmt":"2021-10-13T12:41:54","slug":"quienes-somos","status":"publish","type":"page","link":"https:\/\/marbellavacationhomes.com\/es\/quienes-somos\/","title":{"rendered":"QUIENES SOMOS"},"content":{"rendered":"\n<p style=\"font-size:30px\"><strong><span style=\"color:#08628a\" class=\"has-inline-color\">Roc\u00edo Areales, Fundadora<\/span><\/strong><\/p>\n\n\n\n<div class=\"wp-block-image\"><figure class=\"alignleft size-large is-resized\"><img loading=\"lazy\" decoding=\"async\" src=\"https:\/\/marbellavacationhomes.com\/wp-content\/uploads\/2021\/10\/Rocio-Areales-real-estate-marbella-1.jpg\" alt=\"Rocio-Areales-real-estate-marbella-1\" class=\"wp-image-6428\" width=\"525\" height=\"750\"\/><\/figure><\/div>\n\n\n\n<p class=\"justificar has-default-font-size\">Roc\u00edo funda <a href=\"https:\/\/marbellavacationhomes.com\/es\/\">Marbella Vacation Homes<\/a> en 2014, culminando un proceso de evoluci\u00f3n personal y profesional enraizado en el sector tur\u00edstico. Diplomada en Turismo, comenz\u00f3 dedic\u00e1ndose a este sector por pura vocaci\u00f3n y por esa chispa de gran entusiasmo y sociabilidad que la impulsan a relacionarse con culturas diferentes. Criada en C\u00f3rdoba, despu\u00e9s de haber vivido en diferentes pa\u00edses como Irlanda, Francia e Italia, decidi\u00f3 volver a Espa\u00f1a y asentarse en la Costa del Sol para trabajar como organizadora de eventos, comercial hotelera y directora gerente de un precioso complejo residencial, hasta finalmente dedicarse exclusivamente al sector inmobiliario de lujo. El amor hacia su tierra, la pasi\u00f3n por el turismo y la multiculturalidad de <a href=\"https:\/\/www.andalucia.org\/en\/marbella\" target=\"_blank\" rel=\"noreferrer noopener\">Marbella <\/a>crean el elixir perfecto para las aspiraciones y personalidad de Roc\u00edo.<br><br><strong><span style=\"color:#009cab\" class=\"has-inline-color\">Personalidad<\/span><\/strong>, una palabra que dif\u00edcilmente se asocia a las agencias inmobiliarias, pero que identifica plenamente el estilo, filosof\u00eda y \u00e9xito de Marbella Vacation Homes. Roc\u00edo es \u201cuna todoterreno\u201d (adem\u00e1s de una profesional din\u00e1mica, es tambi\u00e9n madre de 4 ni\u00f1os) que antepone su estilo natural y exquisitamente cordial con las etiquetas y formalismos de un sector quiz\u00e1s demasiado impersonal. En Marbella Vacation Homes nos gusta el trato amable, disponible y personal, nos encanta vivir las emociones <em>de<\/em> y <em>con<\/em> nuestros clientes, conocer sus historias, valores y \u201cempaparnos\u201d de los conocimientos que cada cultura nos aporta.\u00a0<br><br>Todos estos valores casan a la perfecci\u00f3n con otro concepto que definitivamente nos identifica: la <strong><span style=\"color:#009cab\" class=\"has-inline-color\">familiaridad<\/span><\/strong>. Como madre de 4 ni\u00f1os (antes que empresaria), Roc\u00edo ha trasmitido a Marbella Vacation Homes el valor de la dedicaci\u00f3n a las familias. De aqu\u00ed nace nuestra propensi\u00f3n hacia las necesidades del entero n\u00facleo familiar: no s\u00f3lo encontramos la casa ideal para los \u201cadultos\u201d, sino que tambi\u00e9n tenemos en cuenta y cuidamos los deseos de los m\u00e1s peque\u00f1os.<\/p>\n\n\n\n<p><\/p>\n","protected":false},"excerpt":{"rendered":"<p>Roc\u00edo Areales, Fundadora Roc\u00edo funda Marbella Vacation Homes en 2014, culminando un proceso de evoluci\u00f3n personal y profesional enraizado en el sector tur\u00edstico. Diplomada en Turismo, comenz\u00f3 dedic\u00e1ndose a este sector por pura vocaci\u00f3n y por esa chispa de gran entusiasmo y sociabilidad que la impulsan a relacionarse con culturas diferentes. Criada en C\u00f3rdoba, despu\u00e9s <span class=\"moretag\"><a href=\"https:\/\/marbellavacationhomes.com\/es\/quienes-somos\/\" class=\"btn btn-sm btn-primary\">[Spanish] More info<\/a><\/span><\/p>\n","protected":false},"author":1,"featured_media":0,"parent":0,"menu_order":2,"comment_status":"closed","ping_status":"closed","template":"","meta":{"_acf_changed":false,"footnotes":""},"acf":[],"aioseo_notices":[],"_links":{"self":[{"href":"https:\/\/marbellavacationhomes.com\/es\/wp-json\/wp\/v2\/pages\/5114"}],"collection":[{"href":"https:\/\/marbellavacationhomes.com\/es\/wp-json\/wp\/v2\/pages"}],"about":[{"href":"https:\/\/marbellavacationhomes.com\/es\/wp-json\/wp\/v2\/types\/page"}],"author":[{"embeddable":true,"href":"https:\/\/marbellavacationhomes.com\/es\/wp-json\/wp\/v2\/users\/1"}],"replies":[{"embeddable":true,"href":"https:\/\/marbellavacationhomes.com\/es\/wp-json\/wp\/v2\/comments?post=5114"}],"version-history":[{"count":18,"href":"https:\/\/marbellavacationhomes.com\/es\/wp-json\/wp\/v2\/pages\/5114\/revisions"}],"predecessor-version":[{"id":7147,"href":"https:\/\/marbellavacationhomes.com\/es\/wp-json\/wp\/v2\/pages\/5114\/revisions\/7147"}],"wp:attachment":[{"href":"https:\/\/marbellavacationhomes.com\/es\/wp-json\/wp\/v2\/media?parent=5114"}],"curies":[{"name":"wp","href":"https:\/\/api.w.org\/{rel}","templated":true}]}}